{"id":4488,"date":"2022-06-06T16:57:40","date_gmt":"2022-06-06T21:57:40","guid":{"rendered":"https:\/\/www.cuerpo10cirugiaplastica.com\/antes-y-despues\/"},"modified":"2022-06-28T16:53:36","modified_gmt":"2022-06-28T21:53:36","slug":"before-and-after","status":"publish","type":"page","link":"https:\/\/www.cuerpo10cirugiaplastica.com\/en\/before-and-after\/","title":{"rendered":"Before and After"},"content":{"rendered":"\t\t<div data-elementor-type=\"wp-page\" data-elementor-id=\"4488\" class=\"elementor elementor-4488\">\n\t\t\t\t\t\t<section class=\"elementor-section elementor-top-section elementor-element elementor-element-fae66ff elementor-section-boxed elementor-section-height-default elementor-section-height-default\" data-id=\"fae66ff\" data-element_type=\"section\">\n\t\t\t\t\t\t<div class=\"elementor-container elementor-column-gap-default\">\n\t\t\t\t\t<div class=\"elementor-column elementor-col-100 elementor-top-column elementor-element elementor-element-a5bf4a2\" data-id=\"a5bf4a2\" data-element_type=\"column\">\n\t\t\t<div class=\"elementor-widget-wrap\">\n\t\t\t\t\t\t\t<\/div>\n\t\t<\/div>\n\t\t\t\t\t<\/div>\n\t\t<\/section>\n\t\t\t\t<section class=\"elementor-section elementor-top-section elementor-element elementor-element-68c9c06 elementor-section-boxed elementor-section-height-default elementor-section-height-default\" data-id=\"68c9c06\" data-element_type=\"section\">\n\t\t\t\t\t\t<div class=\"elementor-container elementor-column-gap-default\">\n\t\t\t\t\t<div class=\"elementor-column elementor-col-33 elementor-top-column elementor-element elementor-element-e915f4f\" data-id=\"e915f4f\" data-element_type=\"column\">\n\t\t\t<div class=\"elementor-widget-wrap elementor-element-populated\">\n\t\t\t\t\t\t<div class=\"elementor-element elementor-element-6aee01d elementor-widget elementor-widget-heading bdevs-el heading\" data-id=\"6aee01d\" data-element_type=\"widget\" data-settings=\"{&quot;design_style&quot;:&quot;style_1&quot;}\" data-widget_type=\"heading.default\">\n\t\t\t\t<div class=\"elementor-widget-container\">\n\t\t\t\t\t        \r\n                            <div class=\"generic-title bdevs-el-content text-center\">\r\n                                            <span class=\"sub-title bdevs-el-subtitle\">Contact us and receive:<\/span>\r\n                    \r\n                    <h4 class=\"pro-section-title-4 bdevs-el-title\">Consulting <STRONG>Personalized<\/STRONG><\/h4>                                            <p>One of our advisors will be in <br>contact with you soon<\/p>\r\n                                    <\/div>\r\n\r\n                    \t\t\t\t<\/div>\n\t\t\t\t<\/div>\n\t\t\t\t<div class=\"elementor-element elementor-element-b152986 elementor-widget elementor-widget-text-editor\" data-id=\"b152986\" data-element_type=\"widget\" data-widget_type=\"text-editor.default\">\n\t\t\t\t<div class=\"elementor-widget-container\">\n\t\t\t\t\t\t\t\t\t\n<div class=\"wpcf7 no-js\" id=\"wpcf7-f4640-o1\" lang=\"en-US\" dir=\"ltr\" data-wpcf7-id=\"4640\">\n<div class=\"screen-reader-response\"><p role=\"status\" aria-live=\"polite\" aria-atomic=\"true\"><\/p> <ul><\/ul><\/div>\n<form action=\"\/en\/wp-json\/wp\/v2\/pages\/4488#wpcf7-f4640-o1\" method=\"post\" class=\"wpcf7-form init\" aria-label=\"Contact form\" novalidate=\"novalidate\" data-status=\"init\">\n<div style=\"display: none;\">\n<input type=\"hidden\" name=\"_wpcf7\" value=\"4640\" \/>\n<input type=\"hidden\" name=\"_wpcf7_version\" value=\"6.0.5\" \/>\n<input type=\"hidden\" name=\"_wpcf7_locale\" value=\"en_US\" \/>\n<input type=\"hidden\" name=\"_wpcf7_unit_tag\" value=\"wpcf7-f4640-o1\" \/>\n<input type=\"hidden\" name=\"_wpcf7_container_post\" value=\"0\" \/>\n<input type=\"hidden\" name=\"_wpcf7_posted_data_hash\" value=\"\" \/>\n<input type=\"hidden\" name=\"_wpcf7_recaptcha_response\" value=\"\" \/>\n<\/div>\n<div class=\"row-formualrio-servicios\">\n\t<p>Name and surname<br \/>\n<span class=\"wpcf7-form-control-wrap\" data-name=\"username\"><input size=\"40\" maxlength=\"400\" class=\"wpcf7-form-control wpcf7-text\" id=\"username\" aria-invalid=\"false\" placeholder=\"\" value=\"\" type=\"text\" name=\"username\" \/><\/span><br \/>\nContact E-Mail<br \/>\n<span class=\"wpcf7-form-control-wrap\" data-name=\"email\"><input size=\"40\" maxlength=\"400\" class=\"wpcf7-form-control wpcf7-email wpcf7-text wpcf7-validates-as-email\" id=\"email\" aria-invalid=\"false\" placeholder=\"\" value=\"\" type=\"email\" name=\"email\" \/><\/span><br \/>\nContact cell phone<br \/>\n<span class=\"wpcf7-form-control-wrap\" data-name=\"celular\"><input size=\"40\" maxlength=\"400\" class=\"wpcf7-form-control wpcf7-tel wpcf7-validates-as-required wpcf7-text wpcf7-validates-as-tel\" id=\"CelulardeContacto\" aria-required=\"true\" aria-invalid=\"false\" placeholder=\"\" value=\"\" type=\"tel\" name=\"celular\" \/><\/span><br \/>\nCountry of Residence<br \/>\n<span class=\"wpcf7-form-control-wrap\" data-name=\"pais-actual\"><input size=\"40\" maxlength=\"400\" class=\"wpcf7-form-control wpcf7-text wpcf7-validates-as-required\" id=\"pais\" aria-required=\"true\" aria-invalid=\"false\" placeholder=\"\" value=\"\" type=\"text\" name=\"pais-actual\" \/><\/span>\n\t<\/p>\n\t<p>Additional comments<br \/>\n<span class=\"wpcf7-form-control-wrap\" data-name=\"message\"><textarea cols=\"40\" rows=\"10\" maxlength=\"2000\" class=\"wpcf7-form-control wpcf7-textarea\" id=\"mensaje\" aria-invalid=\"false\" name=\"message\">&#8211;<\/textarea><\/span>\n\t<\/p>\n\t<div class=\"form-group\">\n\t\t<p><input class=\"wpcf7-form-control wpcf7-submit has-spinner generic-btn btn-1 border-0 w-fit-content\" type=\"submit\" value=\"Send form\" \/>\n\t\t<\/p>\n\t<\/div>\n<\/div><div class=\"wpcf7-response-output\" aria-hidden=\"true\"><\/div>\n<\/form>\n<\/div>\n\t\t\t\t\t\t\t\t<\/div>\n\t\t\t\t<\/div>\n\t\t\t\t\t<\/div>\n\t\t<\/div>\n\t\t\t\t<div class=\"elementor-column elementor-col-66 elementor-top-column elementor-element elementor-element-c17c6e3\" data-id=\"c17c6e3\" data-element_type=\"column\">\n\t\t\t<div class=\"elementor-widget-wrap elementor-element-populated\">\n\t\t\t\t\t\t<div class=\"elementor-element elementor-element-3d1e689 elementor-widget elementor-widget-text-editor\" data-id=\"3d1e689\" data-element_type=\"widget\" data-widget_type=\"text-editor.default\">\n\t\t\t\t<div class=\"elementor-widget-container\">\n\t\t\t\t\t\t\t\t\t<p>\u201cFollowing the policies of privacy and treatment of information, in order to access and view cases without restriction, diligence our\u00a0<em><strong>contact form<\/strong><\/em>\u00a0and you will get immediate personalized advice\u201d<\/p>\t\t\t\t\t\t\t\t<\/div>\n\t\t\t\t<\/div>\n\t\t\t\t<div class=\"elementor-element elementor-element-42f56d7 elementor-arrows-position-inside elementor-pagination-position-outside elementor-widget elementor-widget-image-carousel\" data-id=\"42f56d7\" data-element_type=\"widget\" data-settings=\"{&quot;slides_to_show&quot;:&quot;1&quot;,&quot;navigation&quot;:&quot;both&quot;,&quot;autoplay&quot;:&quot;yes&quot;,&quot;pause_on_hover&quot;:&quot;yes&quot;,&quot;pause_on_interaction&quot;:&quot;yes&quot;,&quot;autoplay_speed&quot;:5000,&quot;infinite&quot;:&quot;yes&quot;,&quot;effect&quot;:&quot;slide&quot;,&quot;speed&quot;:500}\" data-widget_type=\"image-carousel.default\">\n\t\t\t\t<div class=\"elementor-widget-container\">\n\t\t\t\t\t\t\t<div class=\"elementor-image-carousel-wrapper swiper\" role=\"region\" aria-roledescription=\"carousel\" aria-label=\"Image Carousel\" dir=\"ltr\">\n\t\t\t<div class=\"elementor-image-carousel swiper-wrapper\" aria-live=\"off\">\n\t\t\t\t\t\t\t\t<div class=\"swiper-slide\" role=\"group\" aria-roledescription=\"slide\" aria-label=\"1 of 5\"><figure class=\"swiper-slide-inner\"><img decoding=\"async\" class=\"swiper-slide-image\" src=\"https:\/\/www.cuerpo10cirugiaplastica.com\/wp-content\/uploads\/2022\/06\/Cuerpo10_pic-4.jpeg\" alt=\"Cuerpo10_pic-4\" \/><\/figure><\/div><div class=\"swiper-slide\" role=\"group\" aria-roledescription=\"slide\" aria-label=\"2 of 5\"><figure class=\"swiper-slide-inner\"><img decoding=\"async\" class=\"swiper-slide-image\" src=\"https:\/\/www.cuerpo10cirugiaplastica.com\/wp-content\/uploads\/2022\/06\/Cuerpo10_pic-1.jpeg\" alt=\"Cuerpo10_pic-1\" \/><\/figure><\/div><div class=\"swiper-slide\" role=\"group\" aria-roledescription=\"slide\" aria-label=\"3 of 5\"><figure class=\"swiper-slide-inner\"><img decoding=\"async\" class=\"swiper-slide-image\" src=\"https:\/\/www.cuerpo10cirugiaplastica.com\/wp-content\/uploads\/2022\/06\/Cuerpo10_pic-5.jpeg\" alt=\"Cuerpo10_pic-5\" \/><\/figure><\/div><div class=\"swiper-slide\" role=\"group\" aria-roledescription=\"slide\" aria-label=\"4 of 5\"><figure class=\"swiper-slide-inner\"><img decoding=\"async\" class=\"swiper-slide-image\" src=\"https:\/\/www.cuerpo10cirugiaplastica.com\/wp-content\/uploads\/2022\/06\/Cuerpo10_pic-0.jpeg\" alt=\"Cuerpo10_pic-0\" \/><\/figure><\/div><div class=\"swiper-slide\" role=\"group\" aria-roledescription=\"slide\" aria-label=\"5 of 5\"><figure class=\"swiper-slide-inner\"><img decoding=\"async\" class=\"swiper-slide-image\" src=\"https:\/\/www.cuerpo10cirugiaplastica.com\/wp-content\/uploads\/2022\/06\/Cuerpo10_pic-2.jpeg\" alt=\"Cuerpo10_pic-2\" \/><\/figure><\/div>\t\t\t<\/div>\n\t\t\t\t\t\t\t\t\t\t\t\t<div class=\"elementor-swiper-button elementor-swiper-button-prev\" role=\"button\" tabindex=\"0\">\n\t\t\t\t\t\t<i aria-hidden=\"true\" class=\"eicon-chevron-left\"><\/i>\t\t\t\t\t<\/div>\n\t\t\t\t\t<div class=\"elementor-swiper-button elementor-swiper-button-next\" role=\"button\" tabindex=\"0\">\n\t\t\t\t\t\t<i aria-hidden=\"true\" class=\"eicon-chevron-right\"><\/i>\t\t\t\t\t<\/div>\n\t\t\t\t\n\t\t\t\t\t\t\t\t\t<div class=\"swiper-pagination\"><\/div>\n\t\t\t\t\t\t\t\t\t<\/div>\n\t\t\t\t\t\t<\/div>\n\t\t\t\t<\/div>\n\t\t\t\t<div class=\"elementor-element elementor-element-6476243 elementor-widget elementor-widget-image\" data-id=\"6476243\" data-element_type=\"widget\" data-widget_type=\"image.default\">\n\t\t\t\t<div class=\"elementor-widget-container\">\n\t\t\t\t\t\t\t\t\t\t\t\t\t\t\t<img fetchpriority=\"high\" decoding=\"async\" width=\"640\" height=\"482\" src=\"https:\/\/www.cuerpo10cirugiaplastica.com\/wp-content\/uploads\/2022\/04\/Portafolio-2022-Procedimientos-Ritidoplastia-01.jpg\" class=\"attachment-large size-large wp-image-4319\" alt=\"\" srcset=\"https:\/\/www.cuerpo10cirugiaplastica.com\/wp-content\/uploads\/2022\/04\/Portafolio-2022-Procedimientos-Ritidoplastia-01.jpg 650w, https:\/\/www.cuerpo10cirugiaplastica.com\/wp-content\/uploads\/2022\/04\/Portafolio-2022-Procedimientos-Ritidoplastia-01-300x226.jpg 300w, https:\/\/www.cuerpo10cirugiaplastica.com\/wp-content\/uploads\/2022\/04\/Portafolio-2022-Procedimientos-Ritidoplastia-01-600x452.jpg 600w\" sizes=\"(max-width: 640px) 100vw, 640px\" \/>\t\t\t\t\t\t\t\t\t\t\t\t\t\t\t<\/div>\n\t\t\t\t<\/div>\n\t\t\t\t\t<\/div>\n\t\t<\/div>\n\t\t\t\t\t<\/div>\n\t\t<\/section>\n\t\t\t\t<\/div>\n\t\t","protected":false},"excerpt":{"rendered":"<p>Contact us and receive: Consulting Personalized One of our advisors will be in contact with you soon \u201cFollowing the policies of privacy and treatment of information, in order to access and view cases without restriction, diligence our\u00a0contact form\u00a0and you will get immediate personalized advice\u201d Anterior Siguiente<\/p>\n","protected":false},"author":1,"featured_media":0,"parent":0,"menu_order":0,"comment_status":"closed","ping_status":"closed","template":"elementor_header_footer","meta":{"_acf_changed":false,"footnotes":""},"class_list":["post-4488","page","type-page","status-publish","hentry"],"acf":[],"yoast_head":"<!-- This site is optimized with the Yoast SEO plugin v24.6 - https:\/\/yoast.com\/wordpress\/plugins\/seo\/ -->\n<title>Before and After - Cuerpo10 Cirug\u00eda Pl\u00e1stica - L\u00edderes en cirug\u00eda pl\u00e1stica<\/title>\n<meta name=\"robots\" content=\"index, follow, max-snippet:-1, max-image-preview:large, max-video-preview:-1\" \/>\n<link rel=\"canonical\" href=\"https:\/\/www.cuerpo10cirugiaplastica.com\/antes-y-despues\/\" \/>\n<meta property=\"og:locale\" content=\"en_US\" \/>\n<meta property=\"og:type\" content=\"article\" \/>\n<meta property=\"og:title\" content=\"Before and After - Cuerpo10 Cirug\u00eda Pl\u00e1stica - L\u00edderes en cirug\u00eda pl\u00e1stica\" \/>\n<meta property=\"og:description\" content=\"Contact us and receive: Consulting Personalized One of our advisors will be in contact with you soon \u201cFollowing the policies of privacy and treatment of information, in order to access and view cases without restriction, diligence our\u00a0contact form\u00a0and you will get immediate personalized advice\u201d Anterior Siguiente\" \/>\n<meta property=\"og:url\" content=\"https:\/\/www.cuerpo10cirugiaplastica.com\/antes-y-despues\/\" \/>\n<meta property=\"og:site_name\" content=\"Cuerpo10 Cirug\u00eda Pl\u00e1stica - L\u00edderes en cirug\u00eda pl\u00e1stica\" \/>\n<meta property=\"article:modified_time\" content=\"2022-06-28T21:53:36+00:00\" \/>\n<meta property=\"og:image\" content=\"https:\/\/www.cuerpo10cirugiaplastica.com\/wp-content\/uploads\/2022\/06\/Cuerpo10_pic-4.jpeg\" \/>\n<meta name=\"twitter:card\" content=\"summary_large_image\" \/>\n<meta name=\"twitter:label1\" content=\"Est. reading time\" \/>\n\t<meta name=\"twitter:data1\" content=\"2 minutes\" \/>\n<script type=\"application\/ld+json\" class=\"yoast-schema-graph\">{\"@context\":\"https:\/\/schema.org\",\"@graph\":[{\"@type\":\"WebPage\",\"@id\":\"https:\/\/www.cuerpo10cirugiaplastica.com\/antes-y-despues\/\",\"url\":\"https:\/\/www.cuerpo10cirugiaplastica.com\/antes-y-despues\/\",\"name\":\"Before and After - Cuerpo10 Cirug\u00eda Pl\u00e1stica - L\u00edderes en cirug\u00eda pl\u00e1stica\",\"isPartOf\":{\"@id\":\"https:\/\/www.cuerpo10cirugiaplastica.com\/#website\"},\"primaryImageOfPage\":{\"@id\":\"https:\/\/www.cuerpo10cirugiaplastica.com\/antes-y-despues\/#primaryimage\"},\"image\":{\"@id\":\"https:\/\/www.cuerpo10cirugiaplastica.com\/antes-y-despues\/#primaryimage\"},\"thumbnailUrl\":\"https:\/\/www.cuerpo10cirugiaplastica.com\/wp-content\/uploads\/2022\/06\/Cuerpo10_pic-4.jpeg\",\"datePublished\":\"2022-06-06T21:57:40+00:00\",\"dateModified\":\"2022-06-28T21:53:36+00:00\",\"breadcrumb\":{\"@id\":\"https:\/\/www.cuerpo10cirugiaplastica.com\/antes-y-despues\/#breadcrumb\"},\"inLanguage\":\"en-US\",\"potentialAction\":[{\"@type\":\"ReadAction\",\"target\":[\"https:\/\/www.cuerpo10cirugiaplastica.com\/antes-y-despues\/\"]}]},{\"@type\":\"ImageObject\",\"inLanguage\":\"en-US\",\"@id\":\"https:\/\/www.cuerpo10cirugiaplastica.com\/antes-y-despues\/#primaryimage\",\"url\":\"https:\/\/www.cuerpo10cirugiaplastica.com\/wp-content\/uploads\/2022\/06\/Cuerpo10_pic-4.jpeg\",\"contentUrl\":\"https:\/\/www.cuerpo10cirugiaplastica.com\/wp-content\/uploads\/2022\/06\/Cuerpo10_pic-4.jpeg\"},{\"@type\":\"BreadcrumbList\",\"@id\":\"https:\/\/www.cuerpo10cirugiaplastica.com\/antes-y-despues\/#breadcrumb\",\"itemListElement\":[{\"@type\":\"ListItem\",\"position\":1,\"name\":\"Inicio\",\"item\":\"https:\/\/www.cuerpo10cirugiaplastica.com\/\"},{\"@type\":\"ListItem\",\"position\":2,\"name\":\"Before and After\"}]},{\"@type\":\"WebSite\",\"@id\":\"https:\/\/www.cuerpo10cirugiaplastica.com\/#website\",\"url\":\"https:\/\/www.cuerpo10cirugiaplastica.com\/\",\"name\":\"Cuerpo10 Cirug\u00eda Pl\u00e1stica - L\u00edderes en cirug\u00eda pl\u00e1stica\",\"description\":\"L\u00edderes en cirug\u00eda pl\u00e1stica\",\"publisher\":{\"@id\":\"https:\/\/www.cuerpo10cirugiaplastica.com\/#organization\"},\"potentialAction\":[{\"@type\":\"SearchAction\",\"target\":{\"@type\":\"EntryPoint\",\"urlTemplate\":\"https:\/\/www.cuerpo10cirugiaplastica.com\/?s={search_term_string}\"},\"query-input\":{\"@type\":\"PropertyValueSpecification\",\"valueRequired\":true,\"valueName\":\"search_term_string\"}}],\"inLanguage\":\"en-US\"},{\"@type\":\"Organization\",\"@id\":\"https:\/\/www.cuerpo10cirugiaplastica.com\/#organization\",\"name\":\"Cuerpo10 Cirug\u00eda Pl\u00e1stica - L\u00edderes en cirug\u00eda pl\u00e1stica\",\"url\":\"https:\/\/www.cuerpo10cirugiaplastica.com\/\",\"logo\":{\"@type\":\"ImageObject\",\"inLanguage\":\"en-US\",\"@id\":\"https:\/\/www.cuerpo10cirugiaplastica.com\/#\/schema\/logo\/image\/\",\"url\":\"https:\/\/www.cuerpo10cirugiaplastica.com\/wp-content\/uploads\/2022\/04\/logo-cuerpo10-v1.png\",\"contentUrl\":\"https:\/\/www.cuerpo10cirugiaplastica.com\/wp-content\/uploads\/2022\/04\/logo-cuerpo10-v1.png\",\"width\":250,\"height\":69,\"caption\":\"Cuerpo10 Cirug\u00eda Pl\u00e1stica - L\u00edderes en cirug\u00eda pl\u00e1stica\"},\"image\":{\"@id\":\"https:\/\/www.cuerpo10cirugiaplastica.com\/#\/schema\/logo\/image\/\"}}]}<\/script>\n<!-- \/ Yoast SEO plugin. -->","yoast_head_json":{"title":"Before and After - Cuerpo10 Cirug\u00eda Pl\u00e1stica - L\u00edderes en cirug\u00eda pl\u00e1stica","robots":{"index":"index","follow":"follow","max-snippet":"max-snippet:-1","max-image-preview":"max-image-preview:large","max-video-preview":"max-video-preview:-1"},"canonical":"https:\/\/www.cuerpo10cirugiaplastica.com\/antes-y-despues\/","og_locale":"en_US","og_type":"article","og_title":"Before and After - Cuerpo10 Cirug\u00eda Pl\u00e1stica - L\u00edderes en cirug\u00eda pl\u00e1stica","og_description":"Contact us and receive: Consulting Personalized One of our advisors will be in contact with you soon \u201cFollowing the policies of privacy and treatment of information, in order to access and view cases without restriction, diligence our\u00a0contact form\u00a0and you will get immediate personalized advice\u201d Anterior Siguiente","og_url":"https:\/\/www.cuerpo10cirugiaplastica.com\/antes-y-despues\/","og_site_name":"Cuerpo10 Cirug\u00eda Pl\u00e1stica - L\u00edderes en cirug\u00eda pl\u00e1stica","article_modified_time":"2022-06-28T21:53:36+00:00","og_image":[{"url":"https:\/\/www.cuerpo10cirugiaplastica.com\/wp-content\/uploads\/2022\/06\/Cuerpo10_pic-4.jpeg","type":"","width":"","height":""}],"twitter_card":"summary_large_image","twitter_misc":{"Est. reading time":"2 minutes"},"schema":{"@context":"https:\/\/schema.org","@graph":[{"@type":"WebPage","@id":"https:\/\/www.cuerpo10cirugiaplastica.com\/antes-y-despues\/","url":"https:\/\/www.cuerpo10cirugiaplastica.com\/antes-y-despues\/","name":"Before and After - Cuerpo10 Cirug\u00eda Pl\u00e1stica - L\u00edderes en cirug\u00eda pl\u00e1stica","isPartOf":{"@id":"https:\/\/www.cuerpo10cirugiaplastica.com\/#website"},"primaryImageOfPage":{"@id":"https:\/\/www.cuerpo10cirugiaplastica.com\/antes-y-despues\/#primaryimage"},"image":{"@id":"https:\/\/www.cuerpo10cirugiaplastica.com\/antes-y-despues\/#primaryimage"},"thumbnailUrl":"https:\/\/www.cuerpo10cirugiaplastica.com\/wp-content\/uploads\/2022\/06\/Cuerpo10_pic-4.jpeg","datePublished":"2022-06-06T21:57:40+00:00","dateModified":"2022-06-28T21:53:36+00:00","breadcrumb":{"@id":"https:\/\/www.cuerpo10cirugiaplastica.com\/antes-y-despues\/#breadcrumb"},"inLanguage":"en-US","potentialAction":[{"@type":"ReadAction","target":["https:\/\/www.cuerpo10cirugiaplastica.com\/antes-y-despues\/"]}]},{"@type":"ImageObject","inLanguage":"en-US","@id":"https:\/\/www.cuerpo10cirugiaplastica.com\/antes-y-despues\/#primaryimage","url":"https:\/\/www.cuerpo10cirugiaplastica.com\/wp-content\/uploads\/2022\/06\/Cuerpo10_pic-4.jpeg","contentUrl":"https:\/\/www.cuerpo10cirugiaplastica.com\/wp-content\/uploads\/2022\/06\/Cuerpo10_pic-4.jpeg"},{"@type":"BreadcrumbList","@id":"https:\/\/www.cuerpo10cirugiaplastica.com\/antes-y-despues\/#breadcrumb","itemListElement":[{"@type":"ListItem","position":1,"name":"Inicio","item":"https:\/\/www.cuerpo10cirugiaplastica.com\/"},{"@type":"ListItem","position":2,"name":"Before and After"}]},{"@type":"WebSite","@id":"https:\/\/www.cuerpo10cirugiaplastica.com\/#website","url":"https:\/\/www.cuerpo10cirugiaplastica.com\/","name":"Cuerpo10 Cirug\u00eda Pl\u00e1stica - L\u00edderes en cirug\u00eda pl\u00e1stica","description":"L\u00edderes en cirug\u00eda pl\u00e1stica","publisher":{"@id":"https:\/\/www.cuerpo10cirugiaplastica.com\/#organization"},"potentialAction":[{"@type":"SearchAction","target":{"@type":"EntryPoint","urlTemplate":"https:\/\/www.cuerpo10cirugiaplastica.com\/?s={search_term_string}"},"query-input":{"@type":"PropertyValueSpecification","valueRequired":true,"valueName":"search_term_string"}}],"inLanguage":"en-US"},{"@type":"Organization","@id":"https:\/\/www.cuerpo10cirugiaplastica.com\/#organization","name":"Cuerpo10 Cirug\u00eda Pl\u00e1stica - L\u00edderes en cirug\u00eda pl\u00e1stica","url":"https:\/\/www.cuerpo10cirugiaplastica.com\/","logo":{"@type":"ImageObject","inLanguage":"en-US","@id":"https:\/\/www.cuerpo10cirugiaplastica.com\/#\/schema\/logo\/image\/","url":"https:\/\/www.cuerpo10cirugiaplastica.com\/wp-content\/uploads\/2022\/04\/logo-cuerpo10-v1.png","contentUrl":"https:\/\/www.cuerpo10cirugiaplastica.com\/wp-content\/uploads\/2022\/04\/logo-cuerpo10-v1.png","width":250,"height":69,"caption":"Cuerpo10 Cirug\u00eda Pl\u00e1stica - L\u00edderes en cirug\u00eda pl\u00e1stica"},"image":{"@id":"https:\/\/www.cuerpo10cirugiaplastica.com\/#\/schema\/logo\/image\/"}}]}},"_links":{"self":[{"href":"https:\/\/www.cuerpo10cirugiaplastica.com\/en\/wp-json\/wp\/v2\/pages\/4488"}],"collection":[{"href":"https:\/\/www.cuerpo10cirugiaplastica.com\/en\/wp-json\/wp\/v2\/pages"}],"about":[{"href":"https:\/\/www.cuerpo10cirugiaplastica.com\/en\/wp-json\/wp\/v2\/types\/page"}],"author":[{"embeddable":true,"href":"https:\/\/www.cuerpo10cirugiaplastica.com\/en\/wp-json\/wp\/v2\/users\/1"}],"replies":[{"embeddable":true,"href":"https:\/\/www.cuerpo10cirugiaplastica.com\/en\/wp-json\/wp\/v2\/comments?post=4488"}],"version-history":[{"count":11,"href":"https:\/\/www.cuerpo10cirugiaplastica.com\/en\/wp-json\/wp\/v2\/pages\/4488\/revisions"}],"predecessor-version":[{"id":4778,"href":"https:\/\/www.cuerpo10cirugiaplastica.com\/en\/wp-json\/wp\/v2\/pages\/4488\/revisions\/4778"}],"wp:attachment":[{"href":"https:\/\/www.cuerpo10cirugiaplastica.com\/en\/wp-json\/wp\/v2\/media?parent=4488"}],"curies":[{"name":"wp","href":"https:\/\/api.w.org\/{rel}","templated":true}]}}