{"id":4498,"date":"2022-06-08T16:32:37","date_gmt":"2022-06-08T21:32:37","guid":{"rendered":"https:\/\/www.cuerpo10cirugiaplastica.com\/procedures\/gluteoplastia\/"},"modified":"2022-06-09T10:11:07","modified_gmt":"2022-06-09T15:11:07","slug":"gluteoplasty","status":"publish","type":"page","link":"https:\/\/www.cuerpo10cirugiaplastica.com\/en\/procedures\/gluteoplasty\/","title":{"rendered":"Gluteoplasty"},"content":{"rendered":"\t\t<div data-elementor-type=\"wp-page\" data-elementor-id=\"4498\" class=\"elementor elementor-4498\">\n\t\t\t\t\t\t<section class=\"elementor-section elementor-top-section elementor-element elementor-element-cc77a03 elementor-section-boxed elementor-section-height-default elementor-section-height-default\" data-id=\"cc77a03\" data-element_type=\"section\">\n\t\t\t\t\t\t<div class=\"elementor-container elementor-column-gap-default\">\n\t\t\t\t\t<div class=\"elementor-column elementor-col-66 elementor-top-column elementor-element elementor-element-040ba66\" data-id=\"040ba66\" data-element_type=\"column\">\n\t\t\t<div class=\"elementor-widget-wrap elementor-element-populated\">\n\t\t\t\t\t\t<section class=\"elementor-section elementor-inner-section elementor-element elementor-element-8246548 elementor-section-boxed elementor-section-height-default elementor-section-height-default\" data-id=\"8246548\" data-element_type=\"section\">\n\t\t\t\t\t\t<div class=\"elementor-container elementor-column-gap-default\">\n\t\t\t\t\t<div class=\"elementor-column elementor-col-50 elementor-inner-column elementor-element elementor-element-0ba3919\" data-id=\"0ba3919\" data-element_type=\"column\">\n\t\t\t<div class=\"elementor-widget-wrap elementor-element-populated\">\n\t\t\t\t\t\t<div class=\"elementor-element elementor-element-26f2177 elementor-widget elementor-widget-image\" data-id=\"26f2177\" data-element_type=\"widget\" data-widget_type=\"image.default\">\n\t\t\t\t<div class=\"elementor-widget-container\">\n\t\t\t\t\t\t\t\t\t\t\t\t\t\t\t<img fetchpriority=\"high\" decoding=\"async\" width=\"640\" height=\"640\" src=\"https:\/\/www.cuerpo10cirugiaplastica.com\/wp-content\/uploads\/2022\/06\/servicio-Procedimientos-Gluteoplastia.jpg\" class=\"attachment-large size-large wp-image-4326\" alt=\"\" srcset=\"https:\/\/www.cuerpo10cirugiaplastica.com\/wp-content\/uploads\/2022\/06\/servicio-Procedimientos-Gluteoplastia.jpg 650w, https:\/\/www.cuerpo10cirugiaplastica.com\/wp-content\/uploads\/2022\/06\/servicio-Procedimientos-Gluteoplastia-300x300.jpg 300w, https:\/\/www.cuerpo10cirugiaplastica.com\/wp-content\/uploads\/2022\/06\/servicio-Procedimientos-Gluteoplastia-150x150.jpg 150w, https:\/\/www.cuerpo10cirugiaplastica.com\/wp-content\/uploads\/2022\/06\/servicio-Procedimientos-Gluteoplastia-600x600.jpg 600w, https:\/\/www.cuerpo10cirugiaplastica.com\/wp-content\/uploads\/2022\/06\/servicio-Procedimientos-Gluteoplastia-100x100.jpg 100w\" sizes=\"(max-width: 640px) 100vw, 640px\" \/>\t\t\t\t\t\t\t\t\t\t\t\t\t\t\t<\/div>\n\t\t\t\t<\/div>\n\t\t\t\t\t<\/div>\n\t\t<\/div>\n\t\t\t\t<div class=\"elementor-column elementor-col-50 elementor-inner-column elementor-element elementor-element-872c0a1\" data-id=\"872c0a1\" data-element_type=\"column\">\n\t\t\t<div class=\"elementor-widget-wrap elementor-element-populated\">\n\t\t\t\t\t\t<div class=\"elementor-element elementor-element-0ee8f5c elementor-widget elementor-widget-heading bdevs-el heading\" data-id=\"0ee8f5c\" data-element_type=\"widget\" data-settings=\"{&quot;design_style&quot;:&quot;style_1&quot;}\" data-widget_type=\"heading.default\">\n\t\t\t\t<div class=\"elementor-widget-container\">\n\t\t\t\t\t        \r\n                            <div class=\"generic-title bdevs-el-content text-\">\r\n                                            <span class=\"sub-title bdevs-el-subtitle\"> Body 10 - Plastic Surgery<\/span>\r\n                    \r\n                    <h1 class=\"pro-section-title-4 bdevs-el-title\">GLUTEOPLASTY<\/h1>                                    <\/div>\r\n\r\n                    \t\t\t\t<\/div>\n\t\t\t\t<\/div>\n\t\t\t\t\t<\/div>\n\t\t<\/div>\n\t\t\t\t\t<\/div>\n\t\t<\/section>\n\t\t\t\t<section class=\"elementor-section elementor-inner-section elementor-element elementor-element-9de4b9f elementor-section-boxed elementor-section-height-default elementor-section-height-default\" data-id=\"9de4b9f\" data-element_type=\"section\">\n\t\t\t\t\t\t<div class=\"elementor-container elementor-column-gap-default\">\n\t\t\t\t\t<div class=\"elementor-column elementor-col-100 elementor-inner-column elementor-element elementor-element-02b6cef\" data-id=\"02b6cef\" data-element_type=\"column\">\n\t\t\t<div class=\"elementor-widget-wrap elementor-element-populated\">\n\t\t\t\t\t\t<div class=\"elementor-element elementor-element-7f6e2b2 elementor-widget elementor-widget-text-editor\" data-id=\"7f6e2b2\" data-element_type=\"widget\" data-widget_type=\"text-editor.default\">\n\t\t\t\t<div class=\"elementor-widget-container\">\n\t\t\t\t\t\t\t\t\tWhen your buttocks are not sized according to the build of the body, either because the size is too small or because they sag or are out of position, you need to undergo a procedure that allows restoring the volume, size, and shape. Buttock augmentation is an outpatient surgery that uses different techniques and silicone implants or autologous fat transfer to give your buttocks that expected, natural, and aesthetic shape. We use cutting-edge implants that are quality-certified locally and internationally. For the autologous transfer, you need to first perform a high-definition liposuction to remove the fat stored in your arms, legs, back or abdomen, and then transfer it to your buttocks. <strong><span style=\"color: #000000;\"><em>This procedure allows you to have a very aesthetic and natural outcome.\t\t\t\t\t\t\t\t<\/div>\n\t\t\t\t<\/div>\n\t\t\t\t\t<\/div>\n\t\t<\/div>\n\t\t\t\t\t<\/div>\n\t\t<\/section>\n\t\t\t\t\t<\/div>\n\t\t<\/div>\n\t\t\t\t<div class=\"elementor-column elementor-col-33 elementor-top-column elementor-element elementor-element-8461109\" data-id=\"8461109\" data-element_type=\"column\">\n\t\t\t<div class=\"elementor-widget-wrap elementor-element-populated\">\n\t\t\t\t\t\t<div class=\"elementor-element elementor-element-db10309 elementor-widget elementor-widget-sidebar\" data-id=\"db10309\" data-element_type=\"widget\" data-widget_type=\"sidebar.default\">\n\t\t\t\t<div class=\"elementor-widget-container\">\n\t\t\t\t\t<div class=\"service__widget mb-40 widget_text\"><h4>Formulario<\/h4>\t\t\t<div class=\"textwidget\">\n<div class=\"wpcf7 no-js\" id=\"wpcf7-f4640-o1\" lang=\"en-US\" dir=\"ltr\" data-wpcf7-id=\"4640\">\n<div class=\"screen-reader-response\"><p role=\"status\" aria-live=\"polite\" aria-atomic=\"true\"><\/p> <ul><\/ul><\/div>\n<form action=\"\/en\/wp-json\/wp\/v2\/pages\/4498#wpcf7-f4640-o1\" method=\"post\" class=\"wpcf7-form init\" aria-label=\"Contact form\" novalidate=\"novalidate\" data-status=\"init\">\n<div style=\"display: none;\">\n<input type=\"hidden\" name=\"_wpcf7\" value=\"4640\" \/>\n<input type=\"hidden\" name=\"_wpcf7_version\" value=\"6.0.5\" \/>\n<input type=\"hidden\" name=\"_wpcf7_locale\" value=\"en_US\" \/>\n<input type=\"hidden\" name=\"_wpcf7_unit_tag\" value=\"wpcf7-f4640-o1\" \/>\n<input type=\"hidden\" name=\"_wpcf7_container_post\" value=\"0\" \/>\n<input type=\"hidden\" name=\"_wpcf7_posted_data_hash\" value=\"\" \/>\n<input type=\"hidden\" name=\"_wpcf7_recaptcha_response\" value=\"\" \/>\n<\/div>\n<div class=\"row-formualrio-servicios\">\n\t<p>Name and surname<br \/>\n<span class=\"wpcf7-form-control-wrap\" data-name=\"username\"><input size=\"40\" maxlength=\"400\" class=\"wpcf7-form-control wpcf7-text\" id=\"username\" aria-invalid=\"false\" placeholder=\"\" value=\"\" type=\"text\" name=\"username\" \/><\/span><br \/>\nContact E-Mail<br \/>\n<span class=\"wpcf7-form-control-wrap\" data-name=\"email\"><input size=\"40\" maxlength=\"400\" class=\"wpcf7-form-control wpcf7-email wpcf7-text wpcf7-validates-as-email\" id=\"email\" aria-invalid=\"false\" placeholder=\"\" value=\"\" type=\"email\" name=\"email\" \/><\/span><br \/>\nContact cell phone<br \/>\n<span class=\"wpcf7-form-control-wrap\" data-name=\"celular\"><input size=\"40\" maxlength=\"400\" class=\"wpcf7-form-control wpcf7-tel wpcf7-validates-as-required wpcf7-text wpcf7-validates-as-tel\" id=\"CelulardeContacto\" aria-required=\"true\" aria-invalid=\"false\" placeholder=\"\" value=\"\" type=\"tel\" name=\"celular\" \/><\/span><br \/>\nCountry of Residence<br \/>\n<span class=\"wpcf7-form-control-wrap\" data-name=\"pais-actual\"><input size=\"40\" maxlength=\"400\" class=\"wpcf7-form-control wpcf7-text wpcf7-validates-as-required\" id=\"pais\" aria-required=\"true\" aria-invalid=\"false\" placeholder=\"\" value=\"\" type=\"text\" name=\"pais-actual\" \/><\/span>\n\t<\/p>\n\t<p>Additional comments<br \/>\n<span class=\"wpcf7-form-control-wrap\" data-name=\"message\"><textarea cols=\"40\" rows=\"10\" maxlength=\"2000\" class=\"wpcf7-form-control wpcf7-textarea\" id=\"mensaje\" aria-invalid=\"false\" name=\"message\">-<\/textarea><\/span>\n\t<\/p>\n\t<div class=\"form-group\">\n\t\t<p><input class=\"wpcf7-form-control wpcf7-submit has-spinner generic-btn btn-1 border-0 w-fit-content\" type=\"submit\" value=\"Send form\" \/>\n\t\t<\/p>\n\t<\/div>\n<\/div><div class=\"wpcf7-response-output\" aria-hidden=\"true\"><\/div>\n<\/form>\n<\/div>\n\n<\/div>\n\t\t<\/div><div class=\"service__widget mb-40 widget_nav_menu\"><h4>Our services<\/h4><div class=\"menu-main-menu-container\"><ul id=\"menu-main-menu\" class=\"menu\"><li id=\"menu-item-91\" class=\"menu-item menu-item-type-post_type menu-item-object-page menu-item-91\"><a href=\"https:\/\/www.cuerpo10cirugiaplastica.com\/contacto\/\">Contact<\/a><\/li>\n<li id=\"menu-item-1930\" class=\"menu-item menu-item-type-post_type menu-item-object-page menu-item-home menu-item-1930\"><a href=\"https:\/\/www.cuerpo10cirugiaplastica.com\/home-03\/\">Inicio<\/a><\/li>\n<\/ul><\/div><\/div>\t\t\t\t<\/div>\n\t\t\t\t<\/div>\n\t\t\t\t\t<\/div>\n\t\t<\/div>\n\t\t\t\t\t<\/div>\n\t\t<\/section>\n\t\t\t\t<\/div>\n\t\t","protected":false},"excerpt":{"rendered":"<p>Body 10 &#8211; Plastic Surgery GLUTEOPLASTY When your buttocks are not sized according to the build of the body, either because the size is too small or because they sag or are out of position, you need to undergo a procedure that allows restoring the volume, size, and shape. Buttock augmentation is an outpatient surgery [&hellip;]<\/p>\n","protected":false},"author":1,"featured_media":4326,"parent":4442,"menu_order":0,"comment_status":"closed","ping_status":"closed","template":"","meta":{"_acf_changed":false,"footnotes":""},"class_list":["post-4498","page","type-page","status-publish","has-post-thumbnail","hentry"],"acf":[],"yoast_head":"<!-- This site is optimized with the Yoast SEO plugin v24.6 - https:\/\/yoast.com\/wordpress\/plugins\/seo\/ -->\n<title>Gluteoplasty - Cuerpo10 Cirug\u00eda Pl\u00e1stica - L\u00edderes en cirug\u00eda pl\u00e1stica<\/title>\n<meta name=\"robots\" content=\"index, follow, max-snippet:-1, max-image-preview:large, max-video-preview:-1\" \/>\n<link rel=\"canonical\" href=\"https:\/\/www.cuerpo10cirugiaplastica.com\/procedimientos\/gluteoplastia\/\" \/>\n<meta property=\"og:locale\" content=\"en_US\" \/>\n<meta property=\"og:type\" content=\"article\" \/>\n<meta property=\"og:title\" content=\"Gluteoplasty - Cuerpo10 Cirug\u00eda Pl\u00e1stica - L\u00edderes en cirug\u00eda pl\u00e1stica\" \/>\n<meta property=\"og:description\" content=\"Body 10 &#8211; Plastic Surgery GLUTEOPLASTY When your buttocks are not sized according to the build of the body, either because the size is too small or because they sag or are out of position, you need to undergo a procedure that allows restoring the volume, size, and shape. Buttock augmentation is an outpatient surgery [&hellip;]\" \/>\n<meta property=\"og:url\" content=\"https:\/\/www.cuerpo10cirugiaplastica.com\/procedimientos\/gluteoplastia\/\" \/>\n<meta property=\"og:site_name\" content=\"Cuerpo10 Cirug\u00eda Pl\u00e1stica - L\u00edderes en cirug\u00eda pl\u00e1stica\" \/>\n<meta property=\"article:modified_time\" content=\"2022-06-09T15:11:07+00:00\" \/>\n<meta property=\"og:image\" content=\"https:\/\/www.cuerpo10cirugiaplastica.com\/wp-content\/uploads\/2022\/06\/servicio-Procedimientos-Gluteoplastia.jpg\" \/>\n\t<meta property=\"og:image:width\" content=\"650\" \/>\n\t<meta property=\"og:image:height\" content=\"650\" \/>\n\t<meta property=\"og:image:type\" content=\"image\/jpeg\" \/>\n<meta name=\"twitter:card\" content=\"summary_large_image\" \/>\n<meta name=\"twitter:label1\" content=\"Est. reading time\" \/>\n\t<meta name=\"twitter:data1\" content=\"1 minute\" \/>\n<script type=\"application\/ld+json\" class=\"yoast-schema-graph\">{\"@context\":\"https:\/\/schema.org\",\"@graph\":[{\"@type\":\"WebPage\",\"@id\":\"https:\/\/www.cuerpo10cirugiaplastica.com\/procedimientos\/gluteoplastia\/\",\"url\":\"https:\/\/www.cuerpo10cirugiaplastica.com\/procedimientos\/gluteoplastia\/\",\"name\":\"Gluteoplasty - Cuerpo10 Cirug\u00eda Pl\u00e1stica - L\u00edderes en cirug\u00eda pl\u00e1stica\",\"isPartOf\":{\"@id\":\"https:\/\/www.cuerpo10cirugiaplastica.com\/#website\"},\"primaryImageOfPage\":{\"@id\":\"https:\/\/www.cuerpo10cirugiaplastica.com\/procedimientos\/gluteoplastia\/#primaryimage\"},\"image\":{\"@id\":\"https:\/\/www.cuerpo10cirugiaplastica.com\/procedimientos\/gluteoplastia\/#primaryimage\"},\"thumbnailUrl\":\"https:\/\/www.cuerpo10cirugiaplastica.com\/wp-content\/uploads\/2022\/06\/servicio-Procedimientos-Gluteoplastia.jpg\",\"datePublished\":\"2022-06-08T21:32:37+00:00\",\"dateModified\":\"2022-06-09T15:11:07+00:00\",\"breadcrumb\":{\"@id\":\"https:\/\/www.cuerpo10cirugiaplastica.com\/procedimientos\/gluteoplastia\/#breadcrumb\"},\"inLanguage\":\"en-US\",\"potentialAction\":[{\"@type\":\"ReadAction\",\"target\":[\"https:\/\/www.cuerpo10cirugiaplastica.com\/procedimientos\/gluteoplastia\/\"]}]},{\"@type\":\"ImageObject\",\"inLanguage\":\"en-US\",\"@id\":\"https:\/\/www.cuerpo10cirugiaplastica.com\/procedimientos\/gluteoplastia\/#primaryimage\",\"url\":\"https:\/\/www.cuerpo10cirugiaplastica.com\/wp-content\/uploads\/2022\/06\/servicio-Procedimientos-Gluteoplastia.jpg\",\"contentUrl\":\"https:\/\/www.cuerpo10cirugiaplastica.com\/wp-content\/uploads\/2022\/06\/servicio-Procedimientos-Gluteoplastia.jpg\",\"width\":650,\"height\":650},{\"@type\":\"BreadcrumbList\",\"@id\":\"https:\/\/www.cuerpo10cirugiaplastica.com\/procedimientos\/gluteoplastia\/#breadcrumb\",\"itemListElement\":[{\"@type\":\"ListItem\",\"position\":1,\"name\":\"Inicio\",\"item\":\"https:\/\/www.cuerpo10cirugiaplastica.com\/\"},{\"@type\":\"ListItem\",\"position\":2,\"name\":\"Procedures\",\"item\":\"https:\/\/www.cuerpo10cirugiaplastica.com\/procedimientos\/\"},{\"@type\":\"ListItem\",\"position\":3,\"name\":\"Gluteoplasty\"}]},{\"@type\":\"WebSite\",\"@id\":\"https:\/\/www.cuerpo10cirugiaplastica.com\/#website\",\"url\":\"https:\/\/www.cuerpo10cirugiaplastica.com\/\",\"name\":\"Cuerpo10 Cirug\u00eda Pl\u00e1stica - L\u00edderes en cirug\u00eda pl\u00e1stica\",\"description\":\"L\u00edderes en cirug\u00eda pl\u00e1stica\",\"publisher\":{\"@id\":\"https:\/\/www.cuerpo10cirugiaplastica.com\/#organization\"},\"potentialAction\":[{\"@type\":\"SearchAction\",\"target\":{\"@type\":\"EntryPoint\",\"urlTemplate\":\"https:\/\/www.cuerpo10cirugiaplastica.com\/?s={search_term_string}\"},\"query-input\":{\"@type\":\"PropertyValueSpecification\",\"valueRequired\":true,\"valueName\":\"search_term_string\"}}],\"inLanguage\":\"en-US\"},{\"@type\":\"Organization\",\"@id\":\"https:\/\/www.cuerpo10cirugiaplastica.com\/#organization\",\"name\":\"Cuerpo10 Cirug\u00eda Pl\u00e1stica - L\u00edderes en cirug\u00eda pl\u00e1stica\",\"url\":\"https:\/\/www.cuerpo10cirugiaplastica.com\/\",\"logo\":{\"@type\":\"ImageObject\",\"inLanguage\":\"en-US\",\"@id\":\"https:\/\/www.cuerpo10cirugiaplastica.com\/#\/schema\/logo\/image\/\",\"url\":\"https:\/\/www.cuerpo10cirugiaplastica.com\/wp-content\/uploads\/2022\/04\/logo-cuerpo10-v1.png\",\"contentUrl\":\"https:\/\/www.cuerpo10cirugiaplastica.com\/wp-content\/uploads\/2022\/04\/logo-cuerpo10-v1.png\",\"width\":250,\"height\":69,\"caption\":\"Cuerpo10 Cirug\u00eda Pl\u00e1stica - L\u00edderes en cirug\u00eda pl\u00e1stica\"},\"image\":{\"@id\":\"https:\/\/www.cuerpo10cirugiaplastica.com\/#\/schema\/logo\/image\/\"}}]}<\/script>\n<!-- \/ Yoast SEO plugin. -->","yoast_head_json":{"title":"Gluteoplasty - Cuerpo10 Cirug\u00eda Pl\u00e1stica - L\u00edderes en cirug\u00eda pl\u00e1stica","robots":{"index":"index","follow":"follow","max-snippet":"max-snippet:-1","max-image-preview":"max-image-preview:large","max-video-preview":"max-video-preview:-1"},"canonical":"https:\/\/www.cuerpo10cirugiaplastica.com\/procedimientos\/gluteoplastia\/","og_locale":"en_US","og_type":"article","og_title":"Gluteoplasty - Cuerpo10 Cirug\u00eda Pl\u00e1stica - L\u00edderes en cirug\u00eda pl\u00e1stica","og_description":"Body 10 &#8211; Plastic Surgery GLUTEOPLASTY When your buttocks are not sized according to the build of the body, either because the size is too small or because they sag or are out of position, you need to undergo a procedure that allows restoring the volume, size, and shape. Buttock augmentation is an outpatient surgery [&hellip;]","og_url":"https:\/\/www.cuerpo10cirugiaplastica.com\/procedimientos\/gluteoplastia\/","og_site_name":"Cuerpo10 Cirug\u00eda Pl\u00e1stica - L\u00edderes en cirug\u00eda pl\u00e1stica","article_modified_time":"2022-06-09T15:11:07+00:00","og_image":[{"width":650,"height":650,"url":"https:\/\/www.cuerpo10cirugiaplastica.com\/wp-content\/uploads\/2022\/06\/servicio-Procedimientos-Gluteoplastia.jpg","type":"image\/jpeg"}],"twitter_card":"summary_large_image","twitter_misc":{"Est. reading time":"1 minute"},"schema":{"@context":"https:\/\/schema.org","@graph":[{"@type":"WebPage","@id":"https:\/\/www.cuerpo10cirugiaplastica.com\/procedimientos\/gluteoplastia\/","url":"https:\/\/www.cuerpo10cirugiaplastica.com\/procedimientos\/gluteoplastia\/","name":"Gluteoplasty - Cuerpo10 Cirug\u00eda Pl\u00e1stica - L\u00edderes en cirug\u00eda pl\u00e1stica","isPartOf":{"@id":"https:\/\/www.cuerpo10cirugiaplastica.com\/#website"},"primaryImageOfPage":{"@id":"https:\/\/www.cuerpo10cirugiaplastica.com\/procedimientos\/gluteoplastia\/#primaryimage"},"image":{"@id":"https:\/\/www.cuerpo10cirugiaplastica.com\/procedimientos\/gluteoplastia\/#primaryimage"},"thumbnailUrl":"https:\/\/www.cuerpo10cirugiaplastica.com\/wp-content\/uploads\/2022\/06\/servicio-Procedimientos-Gluteoplastia.jpg","datePublished":"2022-06-08T21:32:37+00:00","dateModified":"2022-06-09T15:11:07+00:00","breadcrumb":{"@id":"https:\/\/www.cuerpo10cirugiaplastica.com\/procedimientos\/gluteoplastia\/#breadcrumb"},"inLanguage":"en-US","potentialAction":[{"@type":"ReadAction","target":["https:\/\/www.cuerpo10cirugiaplastica.com\/procedimientos\/gluteoplastia\/"]}]},{"@type":"ImageObject","inLanguage":"en-US","@id":"https:\/\/www.cuerpo10cirugiaplastica.com\/procedimientos\/gluteoplastia\/#primaryimage","url":"https:\/\/www.cuerpo10cirugiaplastica.com\/wp-content\/uploads\/2022\/06\/servicio-Procedimientos-Gluteoplastia.jpg","contentUrl":"https:\/\/www.cuerpo10cirugiaplastica.com\/wp-content\/uploads\/2022\/06\/servicio-Procedimientos-Gluteoplastia.jpg","width":650,"height":650},{"@type":"BreadcrumbList","@id":"https:\/\/www.cuerpo10cirugiaplastica.com\/procedimientos\/gluteoplastia\/#breadcrumb","itemListElement":[{"@type":"ListItem","position":1,"name":"Inicio","item":"https:\/\/www.cuerpo10cirugiaplastica.com\/"},{"@type":"ListItem","position":2,"name":"Procedures","item":"https:\/\/www.cuerpo10cirugiaplastica.com\/procedimientos\/"},{"@type":"ListItem","position":3,"name":"Gluteoplasty"}]},{"@type":"WebSite","@id":"https:\/\/www.cuerpo10cirugiaplastica.com\/#website","url":"https:\/\/www.cuerpo10cirugiaplastica.com\/","name":"Cuerpo10 Cirug\u00eda Pl\u00e1stica - L\u00edderes en cirug\u00eda pl\u00e1stica","description":"L\u00edderes en cirug\u00eda pl\u00e1stica","publisher":{"@id":"https:\/\/www.cuerpo10cirugiaplastica.com\/#organization"},"potentialAction":[{"@type":"SearchAction","target":{"@type":"EntryPoint","urlTemplate":"https:\/\/www.cuerpo10cirugiaplastica.com\/?s={search_term_string}"},"query-input":{"@type":"PropertyValueSpecification","valueRequired":true,"valueName":"search_term_string"}}],"inLanguage":"en-US"},{"@type":"Organization","@id":"https:\/\/www.cuerpo10cirugiaplastica.com\/#organization","name":"Cuerpo10 Cirug\u00eda Pl\u00e1stica - L\u00edderes en cirug\u00eda pl\u00e1stica","url":"https:\/\/www.cuerpo10cirugiaplastica.com\/","logo":{"@type":"ImageObject","inLanguage":"en-US","@id":"https:\/\/www.cuerpo10cirugiaplastica.com\/#\/schema\/logo\/image\/","url":"https:\/\/www.cuerpo10cirugiaplastica.com\/wp-content\/uploads\/2022\/04\/logo-cuerpo10-v1.png","contentUrl":"https:\/\/www.cuerpo10cirugiaplastica.com\/wp-content\/uploads\/2022\/04\/logo-cuerpo10-v1.png","width":250,"height":69,"caption":"Cuerpo10 Cirug\u00eda Pl\u00e1stica - L\u00edderes en cirug\u00eda pl\u00e1stica"},"image":{"@id":"https:\/\/www.cuerpo10cirugiaplastica.com\/#\/schema\/logo\/image\/"}}]}},"_links":{"self":[{"href":"https:\/\/www.cuerpo10cirugiaplastica.com\/en\/wp-json\/wp\/v2\/pages\/4498"}],"collection":[{"href":"https:\/\/www.cuerpo10cirugiaplastica.com\/en\/wp-json\/wp\/v2\/pages"}],"about":[{"href":"https:\/\/www.cuerpo10cirugiaplastica.com\/en\/wp-json\/wp\/v2\/types\/page"}],"author":[{"embeddable":true,"href":"https:\/\/www.cuerpo10cirugiaplastica.com\/en\/wp-json\/wp\/v2\/users\/1"}],"replies":[{"embeddable":true,"href":"https:\/\/www.cuerpo10cirugiaplastica.com\/en\/wp-json\/wp\/v2\/comments?post=4498"}],"version-history":[{"count":5,"href":"https:\/\/www.cuerpo10cirugiaplastica.com\/en\/wp-json\/wp\/v2\/pages\/4498\/revisions"}],"predecessor-version":[{"id":4503,"href":"https:\/\/www.cuerpo10cirugiaplastica.com\/en\/wp-json\/wp\/v2\/pages\/4498\/revisions\/4503"}],"up":[{"embeddable":true,"href":"https:\/\/www.cuerpo10cirugiaplastica.com\/en\/wp-json\/wp\/v2\/pages\/4442"}],"wp:featuredmedia":[{"embeddable":true,"href":"https:\/\/www.cuerpo10cirugiaplastica.com\/en\/wp-json\/wp\/v2\/media\/4326"}],"wp:attachment":[{"href":"https:\/\/www.cuerpo10cirugiaplastica.com\/en\/wp-json\/wp\/v2\/media?parent=4498"}],"curies":[{"name":"wp","href":"https:\/\/api.w.org\/{rel}","templated":true}]}}