{"id":4529,"date":"2022-06-08T16:14:13","date_gmt":"2022-06-08T21:14:13","guid":{"rendered":"https:\/\/www.cuerpo10cirugiaplastica.com\/procedures\/mentoplastia\/"},"modified":"2022-06-09T10:48:01","modified_gmt":"2022-06-09T15:48:01","slug":"mentoplasty","status":"publish","type":"page","link":"https:\/\/www.cuerpo10cirugiaplastica.com\/en\/procedures\/mentoplasty\/","title":{"rendered":"Mentoplasty"},"content":{"rendered":"\t\t<div data-elementor-type=\"wp-page\" data-elementor-id=\"4529\" class=\"elementor elementor-4529\">\n\t\t\t\t\t\t<section class=\"elementor-section elementor-top-section elementor-element elementor-element-fd0c6ab elementor-section-boxed elementor-section-height-default elementor-section-height-default\" data-id=\"fd0c6ab\" data-element_type=\"section\">\n\t\t\t\t\t\t<div class=\"elementor-container elementor-column-gap-default\">\n\t\t\t\t\t<div class=\"elementor-column elementor-col-66 elementor-top-column elementor-element elementor-element-22271bb\" data-id=\"22271bb\" data-element_type=\"column\">\n\t\t\t<div class=\"elementor-widget-wrap elementor-element-populated\">\n\t\t\t\t\t\t<section class=\"elementor-section elementor-inner-section elementor-element elementor-element-5df4e82 elementor-section-boxed elementor-section-height-default elementor-section-height-default\" data-id=\"5df4e82\" data-element_type=\"section\">\n\t\t\t\t\t\t<div class=\"elementor-container elementor-column-gap-default\">\n\t\t\t\t\t<div class=\"elementor-column elementor-col-50 elementor-inner-column elementor-element elementor-element-2bcc864\" data-id=\"2bcc864\" data-element_type=\"column\">\n\t\t\t<div class=\"elementor-widget-wrap elementor-element-populated\">\n\t\t\t\t\t\t<div class=\"elementor-element elementor-element-afb839c elementor-widget elementor-widget-image\" data-id=\"afb839c\" data-element_type=\"widget\" data-widget_type=\"image.default\">\n\t\t\t\t<div class=\"elementor-widget-container\">\n\t\t\t\t\t\t\t\t\t\t\t\t\t\t\t<img fetchpriority=\"high\" decoding=\"async\" width=\"640\" height=\"640\" src=\"https:\/\/www.cuerpo10cirugiaplastica.com\/wp-content\/uploads\/2022\/06\/servicio-Procedimientos-Mentoplastia.jpg\" class=\"attachment-large size-large wp-image-4331\" alt=\"\" srcset=\"https:\/\/www.cuerpo10cirugiaplastica.com\/wp-content\/uploads\/2022\/06\/servicio-Procedimientos-Mentoplastia.jpg 650w, https:\/\/www.cuerpo10cirugiaplastica.com\/wp-content\/uploads\/2022\/06\/servicio-Procedimientos-Mentoplastia-300x300.jpg 300w, https:\/\/www.cuerpo10cirugiaplastica.com\/wp-content\/uploads\/2022\/06\/servicio-Procedimientos-Mentoplastia-150x150.jpg 150w, https:\/\/www.cuerpo10cirugiaplastica.com\/wp-content\/uploads\/2022\/06\/servicio-Procedimientos-Mentoplastia-600x600.jpg 600w, https:\/\/www.cuerpo10cirugiaplastica.com\/wp-content\/uploads\/2022\/06\/servicio-Procedimientos-Mentoplastia-100x100.jpg 100w\" sizes=\"(max-width: 640px) 100vw, 640px\" \/>\t\t\t\t\t\t\t\t\t\t\t\t\t\t\t<\/div>\n\t\t\t\t<\/div>\n\t\t\t\t\t<\/div>\n\t\t<\/div>\n\t\t\t\t<div class=\"elementor-column elementor-col-50 elementor-inner-column elementor-element elementor-element-dc61c35\" data-id=\"dc61c35\" data-element_type=\"column\">\n\t\t\t<div class=\"elementor-widget-wrap elementor-element-populated\">\n\t\t\t\t\t\t<div class=\"elementor-element elementor-element-7626233 elementor-widget elementor-widget-heading bdevs-el heading\" data-id=\"7626233\" data-element_type=\"widget\" data-settings=\"{&quot;design_style&quot;:&quot;style_1&quot;}\" data-widget_type=\"heading.default\">\n\t\t\t\t<div class=\"elementor-widget-container\">\n\t\t\t\t\t        \r\n                            <div class=\"generic-title bdevs-el-content text-\">\r\n                                            <span class=\"sub-title bdevs-el-subtitle\">Body 10 - Plastic Surgery<\/span>\r\n                    \r\n                    <h1 class=\"pro-section-title-4 bdevs-el-title\">Mentoplasty<\/h1>                                    <\/div>\r\n\r\n                    \t\t\t\t<\/div>\n\t\t\t\t<\/div>\n\t\t\t\t<div class=\"elementor-element elementor-element-8229736 elementor-widget elementor-widget-text-editor\" data-id=\"8229736\" data-element_type=\"widget\" data-widget_type=\"text-editor.default\">\n\t\t\t\t<div class=\"elementor-widget-container\">\n\t\t\t\t\t\t\t\t\t\nWhen the size and shape of the chin is not in accordance with the facial features and the length of the neck, it is necessary to perform a mentoplasty.\t\t\t\t\t\t\t\t<\/div>\n\t\t\t\t<\/div>\n\t\t\t\t\t<\/div>\n\t\t<\/div>\n\t\t\t\t\t<\/div>\n\t\t<\/section>\n\t\t\t\t<section class=\"elementor-section elementor-inner-section elementor-element elementor-element-ea3c220 elementor-section-boxed elementor-section-height-default elementor-section-height-default\" data-id=\"ea3c220\" data-element_type=\"section\">\n\t\t\t\t\t\t<div class=\"elementor-container elementor-column-gap-default\">\n\t\t\t\t\t<div class=\"elementor-column elementor-col-100 elementor-inner-column elementor-element elementor-element-49ac272\" data-id=\"49ac272\" data-element_type=\"column\">\n\t\t\t<div class=\"elementor-widget-wrap elementor-element-populated\">\n\t\t\t\t\t\t<div class=\"elementor-element elementor-element-1d4b7e0 elementor-widget elementor-widget-text-editor\" data-id=\"1d4b7e0\" data-element_type=\"widget\" data-widget_type=\"text-editor.default\">\n\t\t\t\t<div class=\"elementor-widget-container\">\n\t\t\t\t\t\t\t\t\t<p>When the size and shape of the chin is not in accordance with the facial features and the length of the neck, a mentoplasty is necessary.<\/p><p>\u00a0<\/p><p>The mentoplasty is a minimally invasive procedure that does not leave any external scar, in which the chin bone itself or using implants predesigned for this purpose is perfected the width and length of the mandibular according to each facial profile. This procedure has indication in patients with deficit or excess of chin, according to his facial profile and which must be evaluated milimetrically by a specialist to decide the exact dimension and measurement of the chin, medical photography and sometimes some x-rays of the skull allow to elaborate the perfect chin for each face.<\/p><p>\u00a0<\/p><p>Generally a reference point to know if it is necessary to perform a mentoplasty is to assess in a profile photo if the chin is aligned with respect to the lower lip or if on the contrary it is behind or in front of it. In case of one of these 2 alterations, the patient is a candidate for a mentoplasty. It is also important to take into account the perception of the chin, if it is considered small or poorly projected, the patient should consult to evaluate the need for the procedure. The postoperative is very fast and simple because the approach is inside the mouth, the discomfort is minimal and only an adequate intraoral grooming should be sought.<\/p>\t\t\t\t\t\t\t\t<\/div>\n\t\t\t\t<\/div>\n\t\t\t\t\t<\/div>\n\t\t<\/div>\n\t\t\t\t\t<\/div>\n\t\t<\/section>\n\t\t\t\t\t<\/div>\n\t\t<\/div>\n\t\t\t\t<div class=\"elementor-column elementor-col-33 elementor-top-column elementor-element elementor-element-d677cc1\" data-id=\"d677cc1\" data-element_type=\"column\">\n\t\t\t<div class=\"elementor-widget-wrap elementor-element-populated\">\n\t\t\t\t\t\t<div class=\"elementor-element elementor-element-5d57b78 elementor-widget elementor-widget-sidebar\" data-id=\"5d57b78\" data-element_type=\"widget\" data-widget_type=\"sidebar.default\">\n\t\t\t\t<div class=\"elementor-widget-container\">\n\t\t\t\t\t<div class=\"service__widget mb-40 widget_text\"><h4>Formulario<\/h4>\t\t\t<div class=\"textwidget\">\n<div class=\"wpcf7 no-js\" id=\"wpcf7-f4640-o1\" lang=\"en-US\" dir=\"ltr\" data-wpcf7-id=\"4640\">\n<div class=\"screen-reader-response\"><p role=\"status\" aria-live=\"polite\" aria-atomic=\"true\"><\/p> <ul><\/ul><\/div>\n<form action=\"\/en\/wp-json\/wp\/v2\/pages\/4529#wpcf7-f4640-o1\" method=\"post\" class=\"wpcf7-form init\" aria-label=\"Contact form\" novalidate=\"novalidate\" data-status=\"init\">\n<div style=\"display: none;\">\n<input type=\"hidden\" name=\"_wpcf7\" value=\"4640\" \/>\n<input type=\"hidden\" name=\"_wpcf7_version\" value=\"6.0.5\" \/>\n<input type=\"hidden\" name=\"_wpcf7_locale\" value=\"en_US\" \/>\n<input type=\"hidden\" name=\"_wpcf7_unit_tag\" value=\"wpcf7-f4640-o1\" \/>\n<input type=\"hidden\" name=\"_wpcf7_container_post\" value=\"0\" \/>\n<input type=\"hidden\" name=\"_wpcf7_posted_data_hash\" value=\"\" \/>\n<input type=\"hidden\" name=\"_wpcf7_recaptcha_response\" value=\"\" \/>\n<\/div>\n<div class=\"row-formualrio-servicios\">\n\t<p>Name and surname<br \/>\n<span class=\"wpcf7-form-control-wrap\" data-name=\"username\"><input size=\"40\" maxlength=\"400\" class=\"wpcf7-form-control wpcf7-text\" id=\"username\" aria-invalid=\"false\" placeholder=\"\" value=\"\" type=\"text\" name=\"username\" \/><\/span><br \/>\nContact E-Mail<br \/>\n<span class=\"wpcf7-form-control-wrap\" data-name=\"email\"><input size=\"40\" maxlength=\"400\" class=\"wpcf7-form-control wpcf7-email wpcf7-text wpcf7-validates-as-email\" id=\"email\" aria-invalid=\"false\" placeholder=\"\" value=\"\" type=\"email\" name=\"email\" \/><\/span><br \/>\nContact cell phone<br \/>\n<span class=\"wpcf7-form-control-wrap\" data-name=\"celular\"><input size=\"40\" maxlength=\"400\" class=\"wpcf7-form-control wpcf7-tel wpcf7-validates-as-required wpcf7-text wpcf7-validates-as-tel\" id=\"CelulardeContacto\" aria-required=\"true\" aria-invalid=\"false\" placeholder=\"\" value=\"\" type=\"tel\" name=\"celular\" \/><\/span><br \/>\nCountry of Residence<br \/>\n<span class=\"wpcf7-form-control-wrap\" data-name=\"pais-actual\"><input size=\"40\" maxlength=\"400\" class=\"wpcf7-form-control wpcf7-text wpcf7-validates-as-required\" id=\"pais\" aria-required=\"true\" aria-invalid=\"false\" placeholder=\"\" value=\"\" type=\"text\" name=\"pais-actual\" \/><\/span>\n\t<\/p>\n\t<p>Additional comments<br \/>\n<span class=\"wpcf7-form-control-wrap\" data-name=\"message\"><textarea cols=\"40\" rows=\"10\" maxlength=\"2000\" class=\"wpcf7-form-control wpcf7-textarea\" id=\"mensaje\" aria-invalid=\"false\" name=\"message\">-<\/textarea><\/span>\n\t<\/p>\n\t<div class=\"form-group\">\n\t\t<p><input class=\"wpcf7-form-control wpcf7-submit has-spinner generic-btn btn-1 border-0 w-fit-content\" type=\"submit\" value=\"Send form\" \/>\n\t\t<\/p>\n\t<\/div>\n<\/div><div class=\"wpcf7-response-output\" aria-hidden=\"true\"><\/div>\n<\/form>\n<\/div>\n\n<\/div>\n\t\t<\/div><div class=\"service__widget mb-40 widget_nav_menu\"><h4>Our services<\/h4><div class=\"menu-main-menu-container\"><ul id=\"menu-main-menu\" class=\"menu\"><li id=\"menu-item-91\" class=\"menu-item menu-item-type-post_type menu-item-object-page menu-item-91\"><a href=\"https:\/\/www.cuerpo10cirugiaplastica.com\/contacto\/\">Contact<\/a><\/li>\n<li id=\"menu-item-1930\" class=\"menu-item menu-item-type-post_type menu-item-object-page menu-item-home menu-item-1930\"><a href=\"https:\/\/www.cuerpo10cirugiaplastica.com\/home-03\/\">Inicio<\/a><\/li>\n<\/ul><\/div><\/div>\t\t\t\t<\/div>\n\t\t\t\t<\/div>\n\t\t\t\t\t<\/div>\n\t\t<\/div>\n\t\t\t\t\t<\/div>\n\t\t<\/section>\n\t\t\t\t<\/div>\n\t\t","protected":false},"excerpt":{"rendered":"<p>Body 10 &#8211; Plastic Surgery Mentoplasty When the size and shape of the chin is not in accordance with the facial features and the length of the neck, it is necessary to perform a mentoplasty. When the size and shape of the chin is not in accordance with the facial features and the length of [&hellip;]<\/p>\n","protected":false},"author":1,"featured_media":4331,"parent":4442,"menu_order":0,"comment_status":"closed","ping_status":"closed","template":"","meta":{"_acf_changed":false,"footnotes":""},"class_list":["post-4529","page","type-page","status-publish","has-post-thumbnail","hentry"],"acf":[],"yoast_head":"<!-- This site is optimized with the Yoast SEO plugin v24.6 - https:\/\/yoast.com\/wordpress\/plugins\/seo\/ -->\n<title>Mentoplasty - Cuerpo10 Cirug\u00eda Pl\u00e1stica - L\u00edderes en cirug\u00eda pl\u00e1stica<\/title>\n<meta name=\"robots\" content=\"index, follow, max-snippet:-1, max-image-preview:large, max-video-preview:-1\" \/>\n<link rel=\"canonical\" href=\"https:\/\/www.cuerpo10cirugiaplastica.com\/procedimientos\/mentoplastia\/\" \/>\n<meta property=\"og:locale\" content=\"en_US\" \/>\n<meta property=\"og:type\" content=\"article\" \/>\n<meta property=\"og:title\" content=\"Mentoplasty - Cuerpo10 Cirug\u00eda Pl\u00e1stica - L\u00edderes en cirug\u00eda pl\u00e1stica\" \/>\n<meta property=\"og:description\" content=\"Body 10 &#8211; Plastic Surgery Mentoplasty When the size and shape of the chin is not in accordance with the facial features and the length of the neck, it is necessary to perform a mentoplasty. When the size and shape of the chin is not in accordance with the facial features and the length of [&hellip;]\" \/>\n<meta property=\"og:url\" content=\"https:\/\/www.cuerpo10cirugiaplastica.com\/procedimientos\/mentoplastia\/\" \/>\n<meta property=\"og:site_name\" content=\"Cuerpo10 Cirug\u00eda Pl\u00e1stica - L\u00edderes en cirug\u00eda pl\u00e1stica\" \/>\n<meta property=\"article:modified_time\" content=\"2022-06-09T15:48:01+00:00\" \/>\n<meta property=\"og:image\" content=\"https:\/\/www.cuerpo10cirugiaplastica.com\/wp-content\/uploads\/2022\/06\/servicio-Procedimientos-Mentoplastia.jpg\" \/>\n\t<meta property=\"og:image:width\" content=\"650\" \/>\n\t<meta property=\"og:image:height\" content=\"650\" \/>\n\t<meta property=\"og:image:type\" content=\"image\/jpeg\" \/>\n<meta name=\"twitter:card\" content=\"summary_large_image\" \/>\n<meta name=\"twitter:label1\" content=\"Est. reading time\" \/>\n\t<meta name=\"twitter:data1\" content=\"2 minutes\" \/>\n<script type=\"application\/ld+json\" class=\"yoast-schema-graph\">{\"@context\":\"https:\/\/schema.org\",\"@graph\":[{\"@type\":\"WebPage\",\"@id\":\"https:\/\/www.cuerpo10cirugiaplastica.com\/procedimientos\/mentoplastia\/\",\"url\":\"https:\/\/www.cuerpo10cirugiaplastica.com\/procedimientos\/mentoplastia\/\",\"name\":\"Mentoplasty - Cuerpo10 Cirug\u00eda Pl\u00e1stica - L\u00edderes en cirug\u00eda pl\u00e1stica\",\"isPartOf\":{\"@id\":\"https:\/\/www.cuerpo10cirugiaplastica.com\/#website\"},\"primaryImageOfPage\":{\"@id\":\"https:\/\/www.cuerpo10cirugiaplastica.com\/procedimientos\/mentoplastia\/#primaryimage\"},\"image\":{\"@id\":\"https:\/\/www.cuerpo10cirugiaplastica.com\/procedimientos\/mentoplastia\/#primaryimage\"},\"thumbnailUrl\":\"https:\/\/www.cuerpo10cirugiaplastica.com\/wp-content\/uploads\/2022\/06\/servicio-Procedimientos-Mentoplastia.jpg\",\"datePublished\":\"2022-06-08T21:14:13+00:00\",\"dateModified\":\"2022-06-09T15:48:01+00:00\",\"breadcrumb\":{\"@id\":\"https:\/\/www.cuerpo10cirugiaplastica.com\/procedimientos\/mentoplastia\/#breadcrumb\"},\"inLanguage\":\"en-US\",\"potentialAction\":[{\"@type\":\"ReadAction\",\"target\":[\"https:\/\/www.cuerpo10cirugiaplastica.com\/procedimientos\/mentoplastia\/\"]}]},{\"@type\":\"ImageObject\",\"inLanguage\":\"en-US\",\"@id\":\"https:\/\/www.cuerpo10cirugiaplastica.com\/procedimientos\/mentoplastia\/#primaryimage\",\"url\":\"https:\/\/www.cuerpo10cirugiaplastica.com\/wp-content\/uploads\/2022\/06\/servicio-Procedimientos-Mentoplastia.jpg\",\"contentUrl\":\"https:\/\/www.cuerpo10cirugiaplastica.com\/wp-content\/uploads\/2022\/06\/servicio-Procedimientos-Mentoplastia.jpg\",\"width\":650,\"height\":650},{\"@type\":\"BreadcrumbList\",\"@id\":\"https:\/\/www.cuerpo10cirugiaplastica.com\/procedimientos\/mentoplastia\/#breadcrumb\",\"itemListElement\":[{\"@type\":\"ListItem\",\"position\":1,\"name\":\"Inicio\",\"item\":\"https:\/\/www.cuerpo10cirugiaplastica.com\/\"},{\"@type\":\"ListItem\",\"position\":2,\"name\":\"Procedures\",\"item\":\"https:\/\/www.cuerpo10cirugiaplastica.com\/procedimientos\/\"},{\"@type\":\"ListItem\",\"position\":3,\"name\":\"Mentoplasty\"}]},{\"@type\":\"WebSite\",\"@id\":\"https:\/\/www.cuerpo10cirugiaplastica.com\/#website\",\"url\":\"https:\/\/www.cuerpo10cirugiaplastica.com\/\",\"name\":\"Cuerpo10 Cirug\u00eda Pl\u00e1stica - L\u00edderes en cirug\u00eda pl\u00e1stica\",\"description\":\"L\u00edderes en cirug\u00eda pl\u00e1stica\",\"publisher\":{\"@id\":\"https:\/\/www.cuerpo10cirugiaplastica.com\/#organization\"},\"potentialAction\":[{\"@type\":\"SearchAction\",\"target\":{\"@type\":\"EntryPoint\",\"urlTemplate\":\"https:\/\/www.cuerpo10cirugiaplastica.com\/?s={search_term_string}\"},\"query-input\":{\"@type\":\"PropertyValueSpecification\",\"valueRequired\":true,\"valueName\":\"search_term_string\"}}],\"inLanguage\":\"en-US\"},{\"@type\":\"Organization\",\"@id\":\"https:\/\/www.cuerpo10cirugiaplastica.com\/#organization\",\"name\":\"Cuerpo10 Cirug\u00eda Pl\u00e1stica - L\u00edderes en cirug\u00eda pl\u00e1stica\",\"url\":\"https:\/\/www.cuerpo10cirugiaplastica.com\/\",\"logo\":{\"@type\":\"ImageObject\",\"inLanguage\":\"en-US\",\"@id\":\"https:\/\/www.cuerpo10cirugiaplastica.com\/#\/schema\/logo\/image\/\",\"url\":\"https:\/\/www.cuerpo10cirugiaplastica.com\/wp-content\/uploads\/2022\/04\/logo-cuerpo10-v1.png\",\"contentUrl\":\"https:\/\/www.cuerpo10cirugiaplastica.com\/wp-content\/uploads\/2022\/04\/logo-cuerpo10-v1.png\",\"width\":250,\"height\":69,\"caption\":\"Cuerpo10 Cirug\u00eda Pl\u00e1stica - L\u00edderes en cirug\u00eda pl\u00e1stica\"},\"image\":{\"@id\":\"https:\/\/www.cuerpo10cirugiaplastica.com\/#\/schema\/logo\/image\/\"}}]}<\/script>\n<!-- \/ Yoast SEO plugin. -->","yoast_head_json":{"title":"Mentoplasty - Cuerpo10 Cirug\u00eda Pl\u00e1stica - L\u00edderes en cirug\u00eda pl\u00e1stica","robots":{"index":"index","follow":"follow","max-snippet":"max-snippet:-1","max-image-preview":"max-image-preview:large","max-video-preview":"max-video-preview:-1"},"canonical":"https:\/\/www.cuerpo10cirugiaplastica.com\/procedimientos\/mentoplastia\/","og_locale":"en_US","og_type":"article","og_title":"Mentoplasty - Cuerpo10 Cirug\u00eda Pl\u00e1stica - L\u00edderes en cirug\u00eda pl\u00e1stica","og_description":"Body 10 &#8211; Plastic Surgery Mentoplasty When the size and shape of the chin is not in accordance with the facial features and the length of the neck, it is necessary to perform a mentoplasty. When the size and shape of the chin is not in accordance with the facial features and the length of [&hellip;]","og_url":"https:\/\/www.cuerpo10cirugiaplastica.com\/procedimientos\/mentoplastia\/","og_site_name":"Cuerpo10 Cirug\u00eda Pl\u00e1stica - L\u00edderes en cirug\u00eda pl\u00e1stica","article_modified_time":"2022-06-09T15:48:01+00:00","og_image":[{"width":650,"height":650,"url":"https:\/\/www.cuerpo10cirugiaplastica.com\/wp-content\/uploads\/2022\/06\/servicio-Procedimientos-Mentoplastia.jpg","type":"image\/jpeg"}],"twitter_card":"summary_large_image","twitter_misc":{"Est. reading time":"2 minutes"},"schema":{"@context":"https:\/\/schema.org","@graph":[{"@type":"WebPage","@id":"https:\/\/www.cuerpo10cirugiaplastica.com\/procedimientos\/mentoplastia\/","url":"https:\/\/www.cuerpo10cirugiaplastica.com\/procedimientos\/mentoplastia\/","name":"Mentoplasty - Cuerpo10 Cirug\u00eda Pl\u00e1stica - L\u00edderes en cirug\u00eda pl\u00e1stica","isPartOf":{"@id":"https:\/\/www.cuerpo10cirugiaplastica.com\/#website"},"primaryImageOfPage":{"@id":"https:\/\/www.cuerpo10cirugiaplastica.com\/procedimientos\/mentoplastia\/#primaryimage"},"image":{"@id":"https:\/\/www.cuerpo10cirugiaplastica.com\/procedimientos\/mentoplastia\/#primaryimage"},"thumbnailUrl":"https:\/\/www.cuerpo10cirugiaplastica.com\/wp-content\/uploads\/2022\/06\/servicio-Procedimientos-Mentoplastia.jpg","datePublished":"2022-06-08T21:14:13+00:00","dateModified":"2022-06-09T15:48:01+00:00","breadcrumb":{"@id":"https:\/\/www.cuerpo10cirugiaplastica.com\/procedimientos\/mentoplastia\/#breadcrumb"},"inLanguage":"en-US","potentialAction":[{"@type":"ReadAction","target":["https:\/\/www.cuerpo10cirugiaplastica.com\/procedimientos\/mentoplastia\/"]}]},{"@type":"ImageObject","inLanguage":"en-US","@id":"https:\/\/www.cuerpo10cirugiaplastica.com\/procedimientos\/mentoplastia\/#primaryimage","url":"https:\/\/www.cuerpo10cirugiaplastica.com\/wp-content\/uploads\/2022\/06\/servicio-Procedimientos-Mentoplastia.jpg","contentUrl":"https:\/\/www.cuerpo10cirugiaplastica.com\/wp-content\/uploads\/2022\/06\/servicio-Procedimientos-Mentoplastia.jpg","width":650,"height":650},{"@type":"BreadcrumbList","@id":"https:\/\/www.cuerpo10cirugiaplastica.com\/procedimientos\/mentoplastia\/#breadcrumb","itemListElement":[{"@type":"ListItem","position":1,"name":"Inicio","item":"https:\/\/www.cuerpo10cirugiaplastica.com\/"},{"@type":"ListItem","position":2,"name":"Procedures","item":"https:\/\/www.cuerpo10cirugiaplastica.com\/procedimientos\/"},{"@type":"ListItem","position":3,"name":"Mentoplasty"}]},{"@type":"WebSite","@id":"https:\/\/www.cuerpo10cirugiaplastica.com\/#website","url":"https:\/\/www.cuerpo10cirugiaplastica.com\/","name":"Cuerpo10 Cirug\u00eda Pl\u00e1stica - L\u00edderes en cirug\u00eda pl\u00e1stica","description":"L\u00edderes en cirug\u00eda pl\u00e1stica","publisher":{"@id":"https:\/\/www.cuerpo10cirugiaplastica.com\/#organization"},"potentialAction":[{"@type":"SearchAction","target":{"@type":"EntryPoint","urlTemplate":"https:\/\/www.cuerpo10cirugiaplastica.com\/?s={search_term_string}"},"query-input":{"@type":"PropertyValueSpecification","valueRequired":true,"valueName":"search_term_string"}}],"inLanguage":"en-US"},{"@type":"Organization","@id":"https:\/\/www.cuerpo10cirugiaplastica.com\/#organization","name":"Cuerpo10 Cirug\u00eda Pl\u00e1stica - L\u00edderes en cirug\u00eda pl\u00e1stica","url":"https:\/\/www.cuerpo10cirugiaplastica.com\/","logo":{"@type":"ImageObject","inLanguage":"en-US","@id":"https:\/\/www.cuerpo10cirugiaplastica.com\/#\/schema\/logo\/image\/","url":"https:\/\/www.cuerpo10cirugiaplastica.com\/wp-content\/uploads\/2022\/04\/logo-cuerpo10-v1.png","contentUrl":"https:\/\/www.cuerpo10cirugiaplastica.com\/wp-content\/uploads\/2022\/04\/logo-cuerpo10-v1.png","width":250,"height":69,"caption":"Cuerpo10 Cirug\u00eda Pl\u00e1stica - L\u00edderes en cirug\u00eda pl\u00e1stica"},"image":{"@id":"https:\/\/www.cuerpo10cirugiaplastica.com\/#\/schema\/logo\/image\/"}}]}},"_links":{"self":[{"href":"https:\/\/www.cuerpo10cirugiaplastica.com\/en\/wp-json\/wp\/v2\/pages\/4529"}],"collection":[{"href":"https:\/\/www.cuerpo10cirugiaplastica.com\/en\/wp-json\/wp\/v2\/pages"}],"about":[{"href":"https:\/\/www.cuerpo10cirugiaplastica.com\/en\/wp-json\/wp\/v2\/types\/page"}],"author":[{"embeddable":true,"href":"https:\/\/www.cuerpo10cirugiaplastica.com\/en\/wp-json\/wp\/v2\/users\/1"}],"replies":[{"embeddable":true,"href":"https:\/\/www.cuerpo10cirugiaplastica.com\/en\/wp-json\/wp\/v2\/comments?post=4529"}],"version-history":[{"count":5,"href":"https:\/\/www.cuerpo10cirugiaplastica.com\/en\/wp-json\/wp\/v2\/pages\/4529\/revisions"}],"predecessor-version":[{"id":4535,"href":"https:\/\/www.cuerpo10cirugiaplastica.com\/en\/wp-json\/wp\/v2\/pages\/4529\/revisions\/4535"}],"up":[{"embeddable":true,"href":"https:\/\/www.cuerpo10cirugiaplastica.com\/en\/wp-json\/wp\/v2\/pages\/4442"}],"wp:featuredmedia":[{"embeddable":true,"href":"https:\/\/www.cuerpo10cirugiaplastica.com\/en\/wp-json\/wp\/v2\/media\/4331"}],"wp:attachment":[{"href":"https:\/\/www.cuerpo10cirugiaplastica.com\/en\/wp-json\/wp\/v2\/media?parent=4529"}],"curies":[{"name":"wp","href":"https:\/\/api.w.org\/{rel}","templated":true}]}}