{"id":4593,"date":"2022-06-08T15:02:25","date_gmt":"2022-06-08T20:02:25","guid":{"rendered":"https:\/\/www.cuerpo10cirugiaplastica.com\/procedures\/ritidoplastia\/"},"modified":"2022-06-09T11:46:00","modified_gmt":"2022-06-09T16:46:00","slug":"rhytidectomy","status":"publish","type":"page","link":"https:\/\/www.cuerpo10cirugiaplastica.com\/en\/procedures\/rhytidectomy\/","title":{"rendered":"Rhytidectomy"},"content":{"rendered":"\t\t<div data-elementor-type=\"wp-page\" data-elementor-id=\"4593\" class=\"elementor elementor-4593\">\n\t\t\t\t\t\t<section class=\"elementor-section elementor-top-section elementor-element elementor-element-ff38a09 elementor-section-boxed elementor-section-height-default elementor-section-height-default\" data-id=\"ff38a09\" data-element_type=\"section\">\n\t\t\t\t\t\t<div class=\"elementor-container elementor-column-gap-default\">\n\t\t\t\t\t<div class=\"elementor-column elementor-col-50 elementor-top-column elementor-element elementor-element-324a0ba\" data-id=\"324a0ba\" data-element_type=\"column\">\n\t\t\t<div class=\"elementor-widget-wrap elementor-element-populated\">\n\t\t\t\t\t\t<section class=\"elementor-section elementor-inner-section elementor-element elementor-element-ce1c853 elementor-section-boxed elementor-section-height-default elementor-section-height-default\" data-id=\"ce1c853\" data-element_type=\"section\">\n\t\t\t\t\t\t<div class=\"elementor-container elementor-column-gap-default\">\n\t\t\t\t\t<div class=\"elementor-column elementor-col-50 elementor-inner-column elementor-element elementor-element-d004c55\" data-id=\"d004c55\" data-element_type=\"column\">\n\t\t\t<div class=\"elementor-widget-wrap elementor-element-populated\">\n\t\t\t\t\t\t<div class=\"elementor-element elementor-element-13c62c8 elementor-widget elementor-widget-image\" data-id=\"13c62c8\" data-element_type=\"widget\" data-widget_type=\"image.default\">\n\t\t\t\t<div class=\"elementor-widget-container\">\n\t\t\t\t\t\t\t\t\t\t\t\t\t\t\t<img fetchpriority=\"high\" decoding=\"async\" width=\"640\" height=\"640\" src=\"https:\/\/www.cuerpo10cirugiaplastica.com\/wp-content\/uploads\/2022\/06\/servicio-Procedimientos-Ritidoplastia.jpg\" class=\"attachment-large size-large wp-image-4334\" alt=\"\" srcset=\"https:\/\/www.cuerpo10cirugiaplastica.com\/wp-content\/uploads\/2022\/06\/servicio-Procedimientos-Ritidoplastia.jpg 650w, https:\/\/www.cuerpo10cirugiaplastica.com\/wp-content\/uploads\/2022\/06\/servicio-Procedimientos-Ritidoplastia-300x300.jpg 300w, https:\/\/www.cuerpo10cirugiaplastica.com\/wp-content\/uploads\/2022\/06\/servicio-Procedimientos-Ritidoplastia-150x150.jpg 150w, https:\/\/www.cuerpo10cirugiaplastica.com\/wp-content\/uploads\/2022\/06\/servicio-Procedimientos-Ritidoplastia-600x600.jpg 600w, https:\/\/www.cuerpo10cirugiaplastica.com\/wp-content\/uploads\/2022\/06\/servicio-Procedimientos-Ritidoplastia-100x100.jpg 100w\" sizes=\"(max-width: 640px) 100vw, 640px\" \/>\t\t\t\t\t\t\t\t\t\t\t\t\t\t\t<\/div>\n\t\t\t\t<\/div>\n\t\t\t\t\t<\/div>\n\t\t<\/div>\n\t\t\t\t<div class=\"elementor-column elementor-col-50 elementor-inner-column elementor-element elementor-element-07ed4c3\" data-id=\"07ed4c3\" data-element_type=\"column\">\n\t\t\t<div class=\"elementor-widget-wrap elementor-element-populated\">\n\t\t\t\t\t\t<div class=\"elementor-element elementor-element-2757894 elementor-widget elementor-widget-heading bdevs-el heading\" data-id=\"2757894\" data-element_type=\"widget\" data-settings=\"{&quot;design_style&quot;:&quot;style_1&quot;}\" data-widget_type=\"heading.default\">\n\t\t\t\t<div class=\"elementor-widget-container\">\n\t\t\t\t\t        \r\n                            <div class=\"generic-title bdevs-el-content text-\">\r\n                                            <span class=\"sub-title bdevs-el-subtitle\"> Body 10 - Plastic Surgery<\/span>\r\n                    \r\n                    <h1 class=\"pro-section-title-4 bdevs-el-title\">Rhytidectomy or Facelift<\/h1>                                    <\/div>\r\n\r\n                    \t\t\t\t<\/div>\n\t\t\t\t<\/div>\n\t\t\t\t<div class=\"elementor-element elementor-element-7dc97b9 elementor-widget elementor-widget-text-editor\" data-id=\"7dc97b9\" data-element_type=\"widget\" data-widget_type=\"text-editor.default\">\n\t\t\t\t<div class=\"elementor-widget-container\">\n\t\t\t\t\t\t\t\t\tOver time, nature causes effects on both men and women, reflecting a tired and aged face. The skin of the face loses firmness causing folds of wrinkles and excess of it. In this case, a rhytidectomy or facelift is necessary.\t\t\t\t\t\t\t\t<\/div>\n\t\t\t\t<\/div>\n\t\t\t\t\t<\/div>\n\t\t<\/div>\n\t\t\t\t\t<\/div>\n\t\t<\/section>\n\t\t\t\t<div class=\"elementor-element elementor-element-6c81ad1 elementor-widget elementor-widget-spacer\" data-id=\"6c81ad1\" data-element_type=\"widget\" data-widget_type=\"spacer.default\">\n\t\t\t\t<div class=\"elementor-widget-container\">\n\t\t\t\t\t\t\t<div class=\"elementor-spacer\">\n\t\t\t<div class=\"elementor-spacer-inner\"><\/div>\n\t\t<\/div>\n\t\t\t\t\t\t<\/div>\n\t\t\t\t<\/div>\n\t\t\t\t<div class=\"elementor-element elementor-element-01a6925 elementor-widget elementor-widget-text-editor\" data-id=\"01a6925\" data-element_type=\"widget\" data-widget_type=\"text-editor.default\">\n\t\t\t\t<div class=\"elementor-widget-container\">\n\t\t\t\t\t\t\t\t\tRhytidectomy or facelift is an outpatient surgery which consists of adjusting the facial muscles and trimming excess skin from it, giving back time and regaining youth, with natural and aesthetic results.\t\t\t\t\t\t\t\t<\/div>\n\t\t\t\t<\/div>\n\t\t\t\t\t<\/div>\n\t\t<\/div>\n\t\t\t\t<div class=\"elementor-column elementor-col-50 elementor-top-column elementor-element elementor-element-e5df9f8\" data-id=\"e5df9f8\" data-element_type=\"column\">\n\t\t\t<div class=\"elementor-widget-wrap elementor-element-populated\">\n\t\t\t\t\t\t<div class=\"elementor-element elementor-element-5293cda elementor-widget elementor-widget-sidebar\" data-id=\"5293cda\" data-element_type=\"widget\" data-widget_type=\"sidebar.default\">\n\t\t\t\t<div class=\"elementor-widget-container\">\n\t\t\t\t\t<div class=\"service__widget mb-40 widget_text\"><h4>Formulario<\/h4>\t\t\t<div class=\"textwidget\">\n<div class=\"wpcf7 no-js\" id=\"wpcf7-f4640-o1\" lang=\"en-US\" dir=\"ltr\" data-wpcf7-id=\"4640\">\n<div class=\"screen-reader-response\"><p role=\"status\" aria-live=\"polite\" aria-atomic=\"true\"><\/p> <ul><\/ul><\/div>\n<form action=\"\/en\/wp-json\/wp\/v2\/pages\/4593#wpcf7-f4640-o1\" method=\"post\" class=\"wpcf7-form init\" aria-label=\"Contact form\" novalidate=\"novalidate\" data-status=\"init\">\n<div style=\"display: none;\">\n<input type=\"hidden\" name=\"_wpcf7\" value=\"4640\" \/>\n<input type=\"hidden\" name=\"_wpcf7_version\" value=\"6.0.5\" \/>\n<input type=\"hidden\" name=\"_wpcf7_locale\" value=\"en_US\" \/>\n<input type=\"hidden\" name=\"_wpcf7_unit_tag\" value=\"wpcf7-f4640-o1\" \/>\n<input type=\"hidden\" name=\"_wpcf7_container_post\" value=\"0\" \/>\n<input type=\"hidden\" name=\"_wpcf7_posted_data_hash\" value=\"\" \/>\n<input type=\"hidden\" name=\"_wpcf7_recaptcha_response\" value=\"\" \/>\n<\/div>\n<div class=\"row-formualrio-servicios\">\n\t<p>Name and surname<br \/>\n<span class=\"wpcf7-form-control-wrap\" data-name=\"username\"><input size=\"40\" maxlength=\"400\" class=\"wpcf7-form-control wpcf7-text\" id=\"username\" aria-invalid=\"false\" placeholder=\"\" value=\"\" type=\"text\" name=\"username\" \/><\/span><br \/>\nContact E-Mail<br \/>\n<span class=\"wpcf7-form-control-wrap\" data-name=\"email\"><input size=\"40\" maxlength=\"400\" class=\"wpcf7-form-control wpcf7-email wpcf7-text wpcf7-validates-as-email\" id=\"email\" aria-invalid=\"false\" placeholder=\"\" value=\"\" type=\"email\" name=\"email\" \/><\/span><br \/>\nContact cell phone<br \/>\n<span class=\"wpcf7-form-control-wrap\" data-name=\"celular\"><input size=\"40\" maxlength=\"400\" class=\"wpcf7-form-control wpcf7-tel wpcf7-validates-as-required wpcf7-text wpcf7-validates-as-tel\" id=\"CelulardeContacto\" aria-required=\"true\" aria-invalid=\"false\" placeholder=\"\" value=\"\" type=\"tel\" name=\"celular\" \/><\/span><br \/>\nCountry of Residence<br \/>\n<span class=\"wpcf7-form-control-wrap\" data-name=\"pais-actual\"><input size=\"40\" maxlength=\"400\" class=\"wpcf7-form-control wpcf7-text wpcf7-validates-as-required\" id=\"pais\" aria-required=\"true\" aria-invalid=\"false\" placeholder=\"\" value=\"\" type=\"text\" name=\"pais-actual\" \/><\/span>\n\t<\/p>\n\t<p>Additional comments<br \/>\n<span class=\"wpcf7-form-control-wrap\" data-name=\"message\"><textarea cols=\"40\" rows=\"10\" maxlength=\"2000\" class=\"wpcf7-form-control wpcf7-textarea\" id=\"mensaje\" aria-invalid=\"false\" name=\"message\">-<\/textarea><\/span>\n\t<\/p>\n\t<div class=\"form-group\">\n\t\t<p><input class=\"wpcf7-form-control wpcf7-submit has-spinner generic-btn btn-1 border-0 w-fit-content\" type=\"submit\" value=\"Send form\" \/>\n\t\t<\/p>\n\t<\/div>\n<\/div><div class=\"wpcf7-response-output\" aria-hidden=\"true\"><\/div>\n<\/form>\n<\/div>\n\n<\/div>\n\t\t<\/div><div class=\"service__widget mb-40 widget_nav_menu\"><h4>Our services<\/h4><div class=\"menu-main-menu-container\"><ul id=\"menu-main-menu\" class=\"menu\"><li id=\"menu-item-91\" class=\"menu-item menu-item-type-post_type menu-item-object-page menu-item-91\"><a href=\"https:\/\/www.cuerpo10cirugiaplastica.com\/contacto\/\">Contact<\/a><\/li>\n<li id=\"menu-item-1930\" class=\"menu-item menu-item-type-post_type menu-item-object-page menu-item-home menu-item-1930\"><a href=\"https:\/\/www.cuerpo10cirugiaplastica.com\/home-03\/\">Inicio<\/a><\/li>\n<\/ul><\/div><\/div>\t\t\t\t<\/div>\n\t\t\t\t<\/div>\n\t\t\t\t\t<\/div>\n\t\t<\/div>\n\t\t\t\t\t<\/div>\n\t\t<\/section>\n\t\t\t\t<section class=\"elementor-section elementor-top-section elementor-element elementor-element-41a6fb3 elementor-section-boxed elementor-section-height-default elementor-section-height-default\" data-id=\"41a6fb3\" data-element_type=\"section\">\n\t\t\t\t\t\t<div class=\"elementor-container elementor-column-gap-default\">\n\t\t\t\t\t<div class=\"elementor-column elementor-col-33 elementor-top-column elementor-element elementor-element-12034d7\" data-id=\"12034d7\" data-element_type=\"column\">\n\t\t\t<div class=\"elementor-widget-wrap\">\n\t\t\t\t\t\t\t<\/div>\n\t\t<\/div>\n\t\t\t\t<div class=\"elementor-column elementor-col-33 elementor-top-column elementor-element elementor-element-9732492\" data-id=\"9732492\" data-element_type=\"column\">\n\t\t\t<div class=\"elementor-widget-wrap\">\n\t\t\t\t\t\t\t<\/div>\n\t\t<\/div>\n\t\t\t\t<div class=\"elementor-column elementor-col-33 elementor-top-column elementor-element elementor-element-6e1e921\" data-id=\"6e1e921\" data-element_type=\"column\">\n\t\t\t<div class=\"elementor-widget-wrap\">\n\t\t\t\t\t\t\t<\/div>\n\t\t<\/div>\n\t\t\t\t\t<\/div>\n\t\t<\/section>\n\t\t\t\t<section class=\"elementor-section elementor-top-section elementor-element elementor-element-f624852 elementor-section-boxed elementor-section-height-default elementor-section-height-default\" data-id=\"f624852\" data-element_type=\"section\">\n\t\t\t\t\t\t<div class=\"elementor-container elementor-column-gap-default\">\n\t\t\t\t\t<div class=\"elementor-column elementor-col-100 elementor-top-column elementor-element elementor-element-d8ffd06\" data-id=\"d8ffd06\" data-element_type=\"column\">\n\t\t\t<div class=\"elementor-widget-wrap\">\n\t\t\t\t\t\t\t<\/div>\n\t\t<\/div>\n\t\t\t\t\t<\/div>\n\t\t<\/section>\n\t\t\t\t<\/div>\n\t\t","protected":false},"excerpt":{"rendered":"<p>Body 10 &#8211; Plastic Surgery Rhytidectomy or Facelift Over time, nature causes effects on both men and women, reflecting a tired and aged face. The skin of the face loses firmness causing folds of wrinkles and excess of it. In this case, a rhytidectomy or facelift is necessary. Rhytidectomy or facelift is an outpatient surgery [&hellip;]<\/p>\n","protected":false},"author":1,"featured_media":4334,"parent":4442,"menu_order":0,"comment_status":"closed","ping_status":"closed","template":"","meta":{"_acf_changed":false,"footnotes":""},"class_list":["post-4593","page","type-page","status-publish","has-post-thumbnail","hentry"],"acf":[],"yoast_head":"<!-- This site is optimized with the Yoast SEO plugin v24.6 - https:\/\/yoast.com\/wordpress\/plugins\/seo\/ -->\n<title>Rhytidectomy - Cuerpo10 Cirug\u00eda Pl\u00e1stica - L\u00edderes en cirug\u00eda pl\u00e1stica<\/title>\n<meta name=\"robots\" content=\"index, follow, max-snippet:-1, max-image-preview:large, max-video-preview:-1\" \/>\n<link rel=\"canonical\" href=\"https:\/\/www.cuerpo10cirugiaplastica.com\/procedimientos\/ritidoplastia\/\" \/>\n<meta property=\"og:locale\" content=\"en_US\" \/>\n<meta property=\"og:type\" content=\"article\" \/>\n<meta property=\"og:title\" content=\"Rhytidectomy - Cuerpo10 Cirug\u00eda Pl\u00e1stica - L\u00edderes en cirug\u00eda pl\u00e1stica\" \/>\n<meta property=\"og:description\" content=\"Body 10 &#8211; Plastic Surgery Rhytidectomy or Facelift Over time, nature causes effects on both men and women, reflecting a tired and aged face. The skin of the face loses firmness causing folds of wrinkles and excess of it. In this case, a rhytidectomy or facelift is necessary. Rhytidectomy or facelift is an outpatient surgery [&hellip;]\" \/>\n<meta property=\"og:url\" content=\"https:\/\/www.cuerpo10cirugiaplastica.com\/procedimientos\/ritidoplastia\/\" \/>\n<meta property=\"og:site_name\" content=\"Cuerpo10 Cirug\u00eda Pl\u00e1stica - L\u00edderes en cirug\u00eda pl\u00e1stica\" \/>\n<meta property=\"article:modified_time\" content=\"2022-06-09T16:46:00+00:00\" \/>\n<meta property=\"og:image\" content=\"https:\/\/www.cuerpo10cirugiaplastica.com\/wp-content\/uploads\/2022\/06\/servicio-Procedimientos-Ritidoplastia.jpg\" \/>\n\t<meta property=\"og:image:width\" content=\"650\" \/>\n\t<meta property=\"og:image:height\" content=\"650\" \/>\n\t<meta property=\"og:image:type\" content=\"image\/jpeg\" \/>\n<meta name=\"twitter:card\" content=\"summary_large_image\" \/>\n<meta name=\"twitter:label1\" content=\"Est. reading time\" \/>\n\t<meta name=\"twitter:data1\" content=\"1 minute\" \/>\n<script type=\"application\/ld+json\" class=\"yoast-schema-graph\">{\"@context\":\"https:\/\/schema.org\",\"@graph\":[{\"@type\":\"WebPage\",\"@id\":\"https:\/\/www.cuerpo10cirugiaplastica.com\/procedimientos\/ritidoplastia\/\",\"url\":\"https:\/\/www.cuerpo10cirugiaplastica.com\/procedimientos\/ritidoplastia\/\",\"name\":\"Rhytidectomy - Cuerpo10 Cirug\u00eda Pl\u00e1stica - L\u00edderes en cirug\u00eda pl\u00e1stica\",\"isPartOf\":{\"@id\":\"https:\/\/www.cuerpo10cirugiaplastica.com\/#website\"},\"primaryImageOfPage\":{\"@id\":\"https:\/\/www.cuerpo10cirugiaplastica.com\/procedimientos\/ritidoplastia\/#primaryimage\"},\"image\":{\"@id\":\"https:\/\/www.cuerpo10cirugiaplastica.com\/procedimientos\/ritidoplastia\/#primaryimage\"},\"thumbnailUrl\":\"https:\/\/www.cuerpo10cirugiaplastica.com\/wp-content\/uploads\/2022\/06\/servicio-Procedimientos-Ritidoplastia.jpg\",\"datePublished\":\"2022-06-08T20:02:25+00:00\",\"dateModified\":\"2022-06-09T16:46:00+00:00\",\"breadcrumb\":{\"@id\":\"https:\/\/www.cuerpo10cirugiaplastica.com\/procedimientos\/ritidoplastia\/#breadcrumb\"},\"inLanguage\":\"en-US\",\"potentialAction\":[{\"@type\":\"ReadAction\",\"target\":[\"https:\/\/www.cuerpo10cirugiaplastica.com\/procedimientos\/ritidoplastia\/\"]}]},{\"@type\":\"ImageObject\",\"inLanguage\":\"en-US\",\"@id\":\"https:\/\/www.cuerpo10cirugiaplastica.com\/procedimientos\/ritidoplastia\/#primaryimage\",\"url\":\"https:\/\/www.cuerpo10cirugiaplastica.com\/wp-content\/uploads\/2022\/06\/servicio-Procedimientos-Ritidoplastia.jpg\",\"contentUrl\":\"https:\/\/www.cuerpo10cirugiaplastica.com\/wp-content\/uploads\/2022\/06\/servicio-Procedimientos-Ritidoplastia.jpg\",\"width\":650,\"height\":650},{\"@type\":\"BreadcrumbList\",\"@id\":\"https:\/\/www.cuerpo10cirugiaplastica.com\/procedimientos\/ritidoplastia\/#breadcrumb\",\"itemListElement\":[{\"@type\":\"ListItem\",\"position\":1,\"name\":\"Inicio\",\"item\":\"https:\/\/www.cuerpo10cirugiaplastica.com\/\"},{\"@type\":\"ListItem\",\"position\":2,\"name\":\"Procedures\",\"item\":\"https:\/\/www.cuerpo10cirugiaplastica.com\/procedimientos\/\"},{\"@type\":\"ListItem\",\"position\":3,\"name\":\"Rhytidectomy\"}]},{\"@type\":\"WebSite\",\"@id\":\"https:\/\/www.cuerpo10cirugiaplastica.com\/#website\",\"url\":\"https:\/\/www.cuerpo10cirugiaplastica.com\/\",\"name\":\"Cuerpo10 Cirug\u00eda Pl\u00e1stica - L\u00edderes en cirug\u00eda pl\u00e1stica\",\"description\":\"L\u00edderes en cirug\u00eda pl\u00e1stica\",\"publisher\":{\"@id\":\"https:\/\/www.cuerpo10cirugiaplastica.com\/#organization\"},\"potentialAction\":[{\"@type\":\"SearchAction\",\"target\":{\"@type\":\"EntryPoint\",\"urlTemplate\":\"https:\/\/www.cuerpo10cirugiaplastica.com\/?s={search_term_string}\"},\"query-input\":{\"@type\":\"PropertyValueSpecification\",\"valueRequired\":true,\"valueName\":\"search_term_string\"}}],\"inLanguage\":\"en-US\"},{\"@type\":\"Organization\",\"@id\":\"https:\/\/www.cuerpo10cirugiaplastica.com\/#organization\",\"name\":\"Cuerpo10 Cirug\u00eda Pl\u00e1stica - L\u00edderes en cirug\u00eda pl\u00e1stica\",\"url\":\"https:\/\/www.cuerpo10cirugiaplastica.com\/\",\"logo\":{\"@type\":\"ImageObject\",\"inLanguage\":\"en-US\",\"@id\":\"https:\/\/www.cuerpo10cirugiaplastica.com\/#\/schema\/logo\/image\/\",\"url\":\"https:\/\/www.cuerpo10cirugiaplastica.com\/wp-content\/uploads\/2022\/04\/logo-cuerpo10-v1.png\",\"contentUrl\":\"https:\/\/www.cuerpo10cirugiaplastica.com\/wp-content\/uploads\/2022\/04\/logo-cuerpo10-v1.png\",\"width\":250,\"height\":69,\"caption\":\"Cuerpo10 Cirug\u00eda Pl\u00e1stica - L\u00edderes en cirug\u00eda pl\u00e1stica\"},\"image\":{\"@id\":\"https:\/\/www.cuerpo10cirugiaplastica.com\/#\/schema\/logo\/image\/\"}}]}<\/script>\n<!-- \/ Yoast SEO plugin. -->","yoast_head_json":{"title":"Rhytidectomy - Cuerpo10 Cirug\u00eda Pl\u00e1stica - L\u00edderes en cirug\u00eda pl\u00e1stica","robots":{"index":"index","follow":"follow","max-snippet":"max-snippet:-1","max-image-preview":"max-image-preview:large","max-video-preview":"max-video-preview:-1"},"canonical":"https:\/\/www.cuerpo10cirugiaplastica.com\/procedimientos\/ritidoplastia\/","og_locale":"en_US","og_type":"article","og_title":"Rhytidectomy - Cuerpo10 Cirug\u00eda Pl\u00e1stica - L\u00edderes en cirug\u00eda pl\u00e1stica","og_description":"Body 10 &#8211; Plastic Surgery Rhytidectomy or Facelift Over time, nature causes effects on both men and women, reflecting a tired and aged face. The skin of the face loses firmness causing folds of wrinkles and excess of it. In this case, a rhytidectomy or facelift is necessary. Rhytidectomy or facelift is an outpatient surgery [&hellip;]","og_url":"https:\/\/www.cuerpo10cirugiaplastica.com\/procedimientos\/ritidoplastia\/","og_site_name":"Cuerpo10 Cirug\u00eda Pl\u00e1stica - L\u00edderes en cirug\u00eda pl\u00e1stica","article_modified_time":"2022-06-09T16:46:00+00:00","og_image":[{"width":650,"height":650,"url":"https:\/\/www.cuerpo10cirugiaplastica.com\/wp-content\/uploads\/2022\/06\/servicio-Procedimientos-Ritidoplastia.jpg","type":"image\/jpeg"}],"twitter_card":"summary_large_image","twitter_misc":{"Est. reading time":"1 minute"},"schema":{"@context":"https:\/\/schema.org","@graph":[{"@type":"WebPage","@id":"https:\/\/www.cuerpo10cirugiaplastica.com\/procedimientos\/ritidoplastia\/","url":"https:\/\/www.cuerpo10cirugiaplastica.com\/procedimientos\/ritidoplastia\/","name":"Rhytidectomy - Cuerpo10 Cirug\u00eda Pl\u00e1stica - L\u00edderes en cirug\u00eda pl\u00e1stica","isPartOf":{"@id":"https:\/\/www.cuerpo10cirugiaplastica.com\/#website"},"primaryImageOfPage":{"@id":"https:\/\/www.cuerpo10cirugiaplastica.com\/procedimientos\/ritidoplastia\/#primaryimage"},"image":{"@id":"https:\/\/www.cuerpo10cirugiaplastica.com\/procedimientos\/ritidoplastia\/#primaryimage"},"thumbnailUrl":"https:\/\/www.cuerpo10cirugiaplastica.com\/wp-content\/uploads\/2022\/06\/servicio-Procedimientos-Ritidoplastia.jpg","datePublished":"2022-06-08T20:02:25+00:00","dateModified":"2022-06-09T16:46:00+00:00","breadcrumb":{"@id":"https:\/\/www.cuerpo10cirugiaplastica.com\/procedimientos\/ritidoplastia\/#breadcrumb"},"inLanguage":"en-US","potentialAction":[{"@type":"ReadAction","target":["https:\/\/www.cuerpo10cirugiaplastica.com\/procedimientos\/ritidoplastia\/"]}]},{"@type":"ImageObject","inLanguage":"en-US","@id":"https:\/\/www.cuerpo10cirugiaplastica.com\/procedimientos\/ritidoplastia\/#primaryimage","url":"https:\/\/www.cuerpo10cirugiaplastica.com\/wp-content\/uploads\/2022\/06\/servicio-Procedimientos-Ritidoplastia.jpg","contentUrl":"https:\/\/www.cuerpo10cirugiaplastica.com\/wp-content\/uploads\/2022\/06\/servicio-Procedimientos-Ritidoplastia.jpg","width":650,"height":650},{"@type":"BreadcrumbList","@id":"https:\/\/www.cuerpo10cirugiaplastica.com\/procedimientos\/ritidoplastia\/#breadcrumb","itemListElement":[{"@type":"ListItem","position":1,"name":"Inicio","item":"https:\/\/www.cuerpo10cirugiaplastica.com\/"},{"@type":"ListItem","position":2,"name":"Procedures","item":"https:\/\/www.cuerpo10cirugiaplastica.com\/procedimientos\/"},{"@type":"ListItem","position":3,"name":"Rhytidectomy"}]},{"@type":"WebSite","@id":"https:\/\/www.cuerpo10cirugiaplastica.com\/#website","url":"https:\/\/www.cuerpo10cirugiaplastica.com\/","name":"Cuerpo10 Cirug\u00eda Pl\u00e1stica - L\u00edderes en cirug\u00eda pl\u00e1stica","description":"L\u00edderes en cirug\u00eda pl\u00e1stica","publisher":{"@id":"https:\/\/www.cuerpo10cirugiaplastica.com\/#organization"},"potentialAction":[{"@type":"SearchAction","target":{"@type":"EntryPoint","urlTemplate":"https:\/\/www.cuerpo10cirugiaplastica.com\/?s={search_term_string}"},"query-input":{"@type":"PropertyValueSpecification","valueRequired":true,"valueName":"search_term_string"}}],"inLanguage":"en-US"},{"@type":"Organization","@id":"https:\/\/www.cuerpo10cirugiaplastica.com\/#organization","name":"Cuerpo10 Cirug\u00eda Pl\u00e1stica - L\u00edderes en cirug\u00eda pl\u00e1stica","url":"https:\/\/www.cuerpo10cirugiaplastica.com\/","logo":{"@type":"ImageObject","inLanguage":"en-US","@id":"https:\/\/www.cuerpo10cirugiaplastica.com\/#\/schema\/logo\/image\/","url":"https:\/\/www.cuerpo10cirugiaplastica.com\/wp-content\/uploads\/2022\/04\/logo-cuerpo10-v1.png","contentUrl":"https:\/\/www.cuerpo10cirugiaplastica.com\/wp-content\/uploads\/2022\/04\/logo-cuerpo10-v1.png","width":250,"height":69,"caption":"Cuerpo10 Cirug\u00eda Pl\u00e1stica - L\u00edderes en cirug\u00eda pl\u00e1stica"},"image":{"@id":"https:\/\/www.cuerpo10cirugiaplastica.com\/#\/schema\/logo\/image\/"}}]}},"_links":{"self":[{"href":"https:\/\/www.cuerpo10cirugiaplastica.com\/en\/wp-json\/wp\/v2\/pages\/4593"}],"collection":[{"href":"https:\/\/www.cuerpo10cirugiaplastica.com\/en\/wp-json\/wp\/v2\/pages"}],"about":[{"href":"https:\/\/www.cuerpo10cirugiaplastica.com\/en\/wp-json\/wp\/v2\/types\/page"}],"author":[{"embeddable":true,"href":"https:\/\/www.cuerpo10cirugiaplastica.com\/en\/wp-json\/wp\/v2\/users\/1"}],"replies":[{"embeddable":true,"href":"https:\/\/www.cuerpo10cirugiaplastica.com\/en\/wp-json\/wp\/v2\/comments?post=4593"}],"version-history":[{"count":5,"href":"https:\/\/www.cuerpo10cirugiaplastica.com\/en\/wp-json\/wp\/v2\/pages\/4593\/revisions"}],"predecessor-version":[{"id":4600,"href":"https:\/\/www.cuerpo10cirugiaplastica.com\/en\/wp-json\/wp\/v2\/pages\/4593\/revisions\/4600"}],"up":[{"embeddable":true,"href":"https:\/\/www.cuerpo10cirugiaplastica.com\/en\/wp-json\/wp\/v2\/pages\/4442"}],"wp:featuredmedia":[{"embeddable":true,"href":"https:\/\/www.cuerpo10cirugiaplastica.com\/en\/wp-json\/wp\/v2\/media\/4334"}],"wp:attachment":[{"href":"https:\/\/www.cuerpo10cirugiaplastica.com\/en\/wp-json\/wp\/v2\/media?parent=4593"}],"curies":[{"name":"wp","href":"https:\/\/api.w.org\/{rel}","templated":true}]}}