{"id":4614,"date":"2021-03-15T11:46:48","date_gmt":"2021-03-15T16:46:48","guid":{"rendered":"https:\/\/www.cuerpo10cirugiaplastica.com\/contacto\/"},"modified":"2022-06-17T11:00:31","modified_gmt":"2022-06-17T16:00:31","slug":"contact","status":"publish","type":"page","link":"https:\/\/www.cuerpo10cirugiaplastica.com\/en\/contact\/","title":{"rendered":"Contact"},"content":{"rendered":"\t\t<div data-elementor-type=\"wp-page\" data-elementor-id=\"4614\" class=\"elementor elementor-4614\">\n\t\t\t\t\t\t<section class=\"elementor-section elementor-top-section elementor-element elementor-element-32c2e2c elementor-section-boxed elementor-section-height-default elementor-section-height-default\" data-id=\"32c2e2c\" data-element_type=\"section\">\n\t\t\t\t\t\t<div class=\"elementor-container elementor-column-gap-default\">\n\t\t\t\t\t<div class=\"elementor-column elementor-col-100 elementor-top-column elementor-element elementor-element-a2c11ae\" data-id=\"a2c11ae\" data-element_type=\"column\">\n\t\t\t<div class=\"elementor-widget-wrap elementor-element-populated\">\n\t\t\t\t\t\t<div class=\"elementor-element elementor-element-49b463b elementor-widget elementor-widget-cf7 bdevs-el cf7\" data-id=\"49b463b\" data-element_type=\"widget\" data-settings=\"{&quot;design_style&quot;:&quot;style_1&quot;}\" data-widget_type=\"cf7.default\">\n\t\t\t\t<div class=\"elementor-widget-container\">\n\t\t\t\t\t\r\n        \r\n\r\n            <div class=\"contact-widget\">\r\n                <div class=\"contact-wrapper\">\r\n                    <div class=\"row align-items-center\">\r\n                        <div class=\"col-xxl-5 col-xl-5 col-lg-6\">\r\n                            <div class=\"contact__left\" data-background=\"https:\/\/www.cuerpo10cirugiaplastica.com\/wp-content\/uploads\/2022\/06\/Portafolio-2022-Procedimientos-Slider-02-web-contacto.jpg\">\r\n                                <h4 class=\"big_title bdevs-el-title mb-0\">Telephone contacts<\/h4>\r\n                                                                    <p class=\"bdevs-el-desc\">Colombia - USA<\/p>\r\n                                \r\n                                <div class=\"contact__list-2\">\r\n                                    <ul>\r\n                                                                                    <li>\r\n                                                <div class=\"contact__icon\">\r\n                                                                                                            <figure>\r\n                                                            <i aria-hidden=\"true\" class=\"fas fa-phone\"><\/i>                                                        <\/figure>\r\n                                                                                                    <\/div>\r\n                                                <div class=\"contact__desc\">\r\n                                                                                                            <span class=\"bdevs-el-label\">Telephone - Colombia<\/span>\r\n                                                    \r\n                                                                                                            <h6 class=\"bdevs-el-email\"> +57 (316) 522 1205<\/h6>\r\n                                                                                                    <\/div>\r\n                                            <\/li>\r\n                                                                                    <li>\r\n                                                <div class=\"contact__icon\">\r\n                                                                                                            <figure>\r\n                                                            <i aria-hidden=\"true\" class=\"fas fa-phone\"><\/i>                                                        <\/figure>\r\n                                                                                                    <\/div>\r\n                                                <div class=\"contact__desc\">\r\n                                                                                                            <span class=\"bdevs-el-label\">Telephone - USA<\/span>\r\n                                                    \r\n                                                                                                            <h6 class=\"bdevs-el-email\"> +1 (786) 254 0870<\/h6>\r\n                                                                                                    <\/div>\r\n                                            <\/li>\r\n                                                                                    <li>\r\n                                                <div class=\"contact__icon\">\r\n                                                                                                            <figure>\r\n                                                            <i aria-hidden=\"true\" class=\"fal fa-envelope\"><\/i>                                                        <\/figure>\r\n                                                                                                    <\/div>\r\n                                                <div class=\"contact__desc\">\r\n                                                                                                            <span class=\"bdevs-el-label\"> Email <\/span>\r\n                                                    \r\n                                                                                                            <h6 class=\"bdevs-el-email\">contacto@cuerpo10.com.co<\/h6>\r\n                                                                                                    <\/div>\r\n                                            <\/li>\r\n                                                                            <\/ul>\r\n                                <\/div>\r\n\r\n                                                                    <div class=\"social__icon contact-social mt-110\">\r\n                                        <a target=\"_blank\" rel=\"noopener\" data-tooltip=\"hello\" href=\"https:\/\/www.facebook.com\/cuerpo10cirugiaplastica\" class=\"elementor-repeater-item-0be23a5 comments-btn\"><i class=\"fab fa-facebook\" aria-hidden=\"true\"><\/i><\/a><a target=\"_blank\" rel=\"noopener\" data-tooltip=\"hello\" href=\"https:\/\/www.cuerpo10cirugiaplastica.com\/contacto\/#\" class=\"elementor-repeater-item-281f8e0 comments-btn\"><i class=\"fab fa-twitter\" aria-hidden=\"true\"><\/i><\/a><a target=\"_blank\" rel=\"noopener\" data-tooltip=\"hello\" href=\"https:\/\/linkedin.com\/\" class=\"elementor-repeater-item-8a2a015 comments-btn\"><i class=\"fab fa-linkedin\" aria-hidden=\"true\"><\/i><\/a>                                    <\/div>\r\n                                \r\n                            <\/div>\r\n                        <\/div>\r\n                        <div class=\"col-xxl-7 col-xl-7 col-lg-6\">\r\n                            <div class=\"contact__right pr-80 mt-50 mt-lg-0\">\r\n                                                                    <h4 class=\"bdevs-el-title2\">Contact Form<\/h4>\r\n                                \r\n                                                                    <p class=\"bdevs-el-desc2\">Completa la siguiente informaci\u00f3n<\/p>\r\n                                                                <div class=\"contact__form appointment__form  mt-35\">\r\n                                    \n<div class=\"wpcf7 no-js\" id=\"wpcf7-f616-o1\" lang=\"es-ES\" dir=\"ltr\" data-wpcf7-id=\"616\">\n<div class=\"screen-reader-response\"><p role=\"status\" aria-live=\"polite\" aria-atomic=\"true\"><\/p> <ul><\/ul><\/div>\n<form action=\"\/en\/wp-json\/wp\/v2\/pages\/4614#wpcf7-f616-o1\" method=\"post\" class=\"wpcf7-form init bdevs-cf7-form\" aria-label=\"Formulario de contacto\" novalidate=\"novalidate\" data-status=\"init\">\n<div style=\"display: none;\">\n<input type=\"hidden\" name=\"_wpcf7\" value=\"616\" \/>\n<input type=\"hidden\" name=\"_wpcf7_version\" value=\"6.0.5\" \/>\n<input type=\"hidden\" name=\"_wpcf7_locale\" value=\"es_ES\" \/>\n<input type=\"hidden\" name=\"_wpcf7_unit_tag\" value=\"wpcf7-f616-o1\" \/>\n<input type=\"hidden\" name=\"_wpcf7_container_post\" value=\"0\" \/>\n<input type=\"hidden\" name=\"_wpcf7_posted_data_hash\" value=\"\" \/>\n<input type=\"hidden\" name=\"_wpcf7_recaptcha_response\" value=\"\" \/>\n<\/div>\n<div class=\"row\">\n\t<div class=\"col-xxl-6 col-xl-6 col-lg-6 col-md-6 col-sm-6\">\n\t\t<div class=\"form-group\">\n\t\t\t<p>Nombre Completo<br \/>\n<span class=\"wpcf7-form-control-wrap\" data-name=\"username\"><input size=\"40\" maxlength=\"400\" class=\"wpcf7-form-control wpcf7-text\" id=\"username\" aria-invalid=\"false\" placeholder=\"\" value=\"\" type=\"text\" name=\"username\" \/><\/span>\n\t\t\t<\/p>\n\t\t<\/div>\n\t<\/div>\n\t<div class=\"col-xxl-6 col-xl-6 col-lg-6 col-md-6 col-sm-6\">\n\t\t<div class=\"form-group\">\n\t\t\t<p>Correo Electr\u00f3nico de Contacto<br \/>\n<span class=\"wpcf7-form-control-wrap\" data-name=\"your-email\"><input size=\"40\" maxlength=\"400\" class=\"wpcf7-form-control wpcf7-email wpcf7-text wpcf7-validates-as-email\" id=\"email\" aria-invalid=\"false\" placeholder=\"email\" value=\"\" type=\"email\" name=\"your-email\" \/><\/span>\n\t\t\t<\/p>\n\t\t<\/div>\n\t<\/div>\n\t<div class=\"col-xxl-6 col-xl-6 col-lg-6 col-md-6 col-sm-6\">\n\t\t<div class=\"form-group\">\n\t\t\t<p>Celular de Contacto<br \/>\n<span class=\"wpcf7-form-control-wrap\" data-name=\"celular\"><input size=\"40\" maxlength=\"400\" class=\"wpcf7-form-control wpcf7-tel wpcf7-validates-as-required wpcf7-text wpcf7-validates-as-tel\" id=\"CelulardeContacto\" aria-required=\"true\" aria-invalid=\"false\" placeholder=\"Numero\" value=\"\" type=\"tel\" name=\"celular\" \/><\/span>\n\t\t\t<\/p>\n\t\t<\/div>\n\t<\/div>\n\t<div class=\"col-xxl-6 col-xl-6 col-lg-6 col-md-6 col-sm-6\">\n\t\t<div class=\"form-group\">\n\t\t\t<p>Pais de Residencia<br \/>\n<span class=\"wpcf7-form-control-wrap\" data-name=\"pais-actual\"><input size=\"40\" maxlength=\"400\" class=\"wpcf7-form-control wpcf7-text wpcf7-validates-as-required\" aria-required=\"true\" aria-invalid=\"false\" placeholder=\"Pais\" value=\"\" type=\"text\" name=\"pais-actual\" \/><\/span>\n\t\t\t<\/p>\n\t\t<\/div>\n\t<\/div>\n\t<div class=\"col-xxl-12\">\n\t\t<div class=\"form-group\">\n\t\t\t<p>Usa WhatsApp con este numero<br \/>\n<span class=\"wpcf7-form-control-wrap\" data-name=\"usodewhsatpp\"><select class=\"wpcf7-form-control wpcf7-select wpcf7-validates-as-required\" aria-required=\"true\" aria-invalid=\"false\" name=\"usodewhsatpp\"><option value=\"Seleccionar\">Seleccionar<\/option><option value=\"SI\">SI<\/option><option value=\"NO\">NO<\/option><\/select><\/span>\n\t\t\t<\/p>\n\t\t<\/div>\n\t<\/div>\n\t<div class=\"col-xxl-12\">\n\t\t<div class=\"form-group\">\n\t\t\t<p>Comentarios Adicionales<br \/>\n<span class=\"wpcf7-form-control-wrap\" data-name=\"message\"><textarea cols=\"40\" rows=\"10\" maxlength=\"2000\" class=\"wpcf7-form-control wpcf7-textarea\" id=\"message\" aria-invalid=\"false\" name=\"message\">-<\/textarea><\/span>\n\t\t\t<\/p>\n\t\t<\/div>\n\t<\/div>\n\t<div class=\"col-xxl-12\">\n\t\t<div class=\"form-group\">\n\t\t\t<p><span class=\"wpcf7-form-control-wrap\" data-name=\"acceptance-664\"><span class=\"wpcf7-form-control wpcf7-acceptance optional\"><span class=\"wpcf7-list-item\"><label><input type=\"checkbox\" name=\"acceptance-664\" value=\"1\" aria-invalid=\"false\" \/><span class=\"wpcf7-list-item-label\"><p>Al hacer click en el siguiente bot\u00f3n, declaras que has le\u00eddo los <a style=\"color: rgba(35,193,212,1);\" href=\"#\" target=\"_blank\">t\u00e9rminos y condiciones<\/a> del portal y que los aceptas en su totalidad.<\/p><\/span><\/label><\/span><\/span><\/span><br \/>\n\t\t\t<span class=\"wpcf7-form-control-wrap recaptcha\" data-name=\"recaptcha\"><span data-sitekey=\"6LfzUTIqAAAAAIpcsFjKubtOEKFGA0zZAM6818MZ\" class=\"wpcf7-form-control wpcf7-recaptcha g-recaptcha\"><\/span>\r\n<noscript>\r\n\t<div class=\"grecaptcha-noscript\">\r\n\t\t<iframe src=\"https:\/\/www.google.com\/recaptcha\/api\/fallback?k=6LfzUTIqAAAAAIpcsFjKubtOEKFGA0zZAM6818MZ\" frameborder=\"0\" scrolling=\"no\" width=\"310\" height=\"430\">\r\n\t\t<\/iframe>\r\n\t\t<textarea name=\"g-recaptcha-response\" rows=\"3\" cols=\"40\" placeholder=\"Aqu\u00ed la respuesta de reCAPTCHA\">\r\n\t\t<\/textarea>\r\n\t<\/div>\r\n<\/noscript>\r\n<\/span><br \/>\n<input class=\"wpcf7-form-control wpcf7-submit has-spinner generic-btn btn-1 border-0 w-fit-content\" type=\"submit\" value=\"Enviar Formulario\" \/>\n\t\t\t<\/p>\n\t\t<\/div>\n\t<\/div>\n<\/div><div class=\"wpcf7-response-output\" aria-hidden=\"true\"><\/div>\n<\/form>\n<\/div>\n                                <\/div>\r\n                            <\/div>\r\n                        <\/div>\r\n                    <\/div>\r\n                <\/div>\r\n            <\/div>\r\n\r\n        \t\t\t\t<\/div>\n\t\t\t\t<\/div>\n\t\t\t\t\t<\/div>\n\t\t<\/div>\n\t\t\t\t\t<\/div>\n\t\t<\/section>\n\t\t\t\t<section class=\"elementor-section elementor-top-section elementor-element elementor-element-461d49d elementor-section-full_width elementor-section-height-default elementor-section-height-default\" data-id=\"461d49d\" data-element_type=\"section\">\n\t\t\t\t\t\t<div class=\"elementor-container elementor-column-gap-no\">\n\t\t\t\t\t<div class=\"elementor-column elementor-col-100 elementor-top-column elementor-element elementor-element-207471f\" data-id=\"207471f\" data-element_type=\"column\">\n\t\t\t<div class=\"elementor-widget-wrap elementor-element-populated\">\n\t\t\t\t\t\t<div class=\"elementor-element elementor-element-f04d70e elementor-widget elementor-widget-google_maps\" data-id=\"f04d70e\" data-element_type=\"widget\" data-widget_type=\"google_maps.default\">\n\t\t\t\t<div class=\"elementor-widget-container\">\n\t\t\t\t\t\t\t<div class=\"elementor-custom-embed\">\n\t\t\t<iframe loading=\"lazy\"\n\t\t\t\t\tsrc=\"https:\/\/maps.google.com\/maps?q=Bogot%C3%A1%2C%20Colombia&#038;t=m&#038;z=7&#038;output=embed&#038;iwloc=near\"\n\t\t\t\t\ttitle=\"Bogot\u00e1, Colombia\"\n\t\t\t\t\taria-label=\"Bogot\u00e1, Colombia\"\n\t\t\t><\/iframe>\n\t\t<\/div>\n\t\t\t\t\t\t<\/div>\n\t\t\t\t<\/div>\n\t\t\t\t\t<\/div>\n\t\t<\/div>\n\t\t\t\t\t<\/div>\n\t\t<\/section>\n\t\t\t\t<\/div>\n\t\t","protected":false},"excerpt":{"rendered":"<p>Telephone contacts Colombia &#8211; USA Telephone &#8211; Colombia +57 (316) 522 1205 Telephone &#8211; USA +1 (786) 254 0870 Email contacto@cuerpo10.com.co Contact Form Completa la siguiente informaci\u00f3n Select SubjectBanglaEnglishMath Enter Message<\/p>\n","protected":false},"author":1,"featured_media":0,"parent":0,"menu_order":0,"comment_status":"closed","ping_status":"closed","template":"elementor_header_footer","meta":{"_acf_changed":false,"footnotes":""},"class_list":["post-4614","page","type-page","status-publish","hentry"],"acf":[],"yoast_head":"<!-- This site is optimized with the Yoast SEO plugin v24.6 - https:\/\/yoast.com\/wordpress\/plugins\/seo\/ -->\n<title>Contact - Cuerpo10 Cirug\u00eda Pl\u00e1stica - L\u00edderes en cirug\u00eda pl\u00e1stica<\/title>\n<meta name=\"robots\" content=\"index, follow, max-snippet:-1, max-image-preview:large, max-video-preview:-1\" \/>\n<link rel=\"canonical\" href=\"https:\/\/www.cuerpo10cirugiaplastica.com\/contacto\/\" \/>\n<meta property=\"og:locale\" content=\"en_US\" \/>\n<meta property=\"og:type\" content=\"article\" \/>\n<meta property=\"og:title\" content=\"Contact - Cuerpo10 Cirug\u00eda Pl\u00e1stica - L\u00edderes en cirug\u00eda pl\u00e1stica\" \/>\n<meta property=\"og:description\" content=\"Telephone contacts Colombia &#8211; USA Telephone &#8211; Colombia +57 (316) 522 1205 Telephone &#8211; USA +1 (786) 254 0870 Email contacto@cuerpo10.com.co Contact Form Completa la siguiente informaci\u00f3n Select SubjectBanglaEnglishMath Enter Message\" \/>\n<meta property=\"og:url\" content=\"https:\/\/www.cuerpo10cirugiaplastica.com\/contacto\/\" \/>\n<meta property=\"og:site_name\" content=\"Cuerpo10 Cirug\u00eda Pl\u00e1stica - L\u00edderes en cirug\u00eda pl\u00e1stica\" \/>\n<meta property=\"article:modified_time\" content=\"2022-06-17T16:00:31+00:00\" \/>\n<meta name=\"twitter:card\" content=\"summary_large_image\" \/>\n<meta name=\"twitter:label1\" content=\"Est. reading time\" \/>\n\t<meta name=\"twitter:data1\" content=\"1 minute\" \/>\n<script type=\"application\/ld+json\" class=\"yoast-schema-graph\">{\"@context\":\"https:\/\/schema.org\",\"@graph\":[{\"@type\":\"WebPage\",\"@id\":\"https:\/\/www.cuerpo10cirugiaplastica.com\/contacto\/\",\"url\":\"https:\/\/www.cuerpo10cirugiaplastica.com\/contacto\/\",\"name\":\"Contact - Cuerpo10 Cirug\u00eda Pl\u00e1stica - L\u00edderes en cirug\u00eda pl\u00e1stica\",\"isPartOf\":{\"@id\":\"https:\/\/www.cuerpo10cirugiaplastica.com\/#website\"},\"datePublished\":\"2021-03-15T16:46:48+00:00\",\"dateModified\":\"2022-06-17T16:00:31+00:00\",\"breadcrumb\":{\"@id\":\"https:\/\/www.cuerpo10cirugiaplastica.com\/contacto\/#breadcrumb\"},\"inLanguage\":\"en-US\",\"potentialAction\":[{\"@type\":\"ReadAction\",\"target\":[\"https:\/\/www.cuerpo10cirugiaplastica.com\/contacto\/\"]}]},{\"@type\":\"BreadcrumbList\",\"@id\":\"https:\/\/www.cuerpo10cirugiaplastica.com\/contacto\/#breadcrumb\",\"itemListElement\":[{\"@type\":\"ListItem\",\"position\":1,\"name\":\"Inicio\",\"item\":\"https:\/\/www.cuerpo10cirugiaplastica.com\/\"},{\"@type\":\"ListItem\",\"position\":2,\"name\":\"Contact\"}]},{\"@type\":\"WebSite\",\"@id\":\"https:\/\/www.cuerpo10cirugiaplastica.com\/#website\",\"url\":\"https:\/\/www.cuerpo10cirugiaplastica.com\/\",\"name\":\"Cuerpo10 Cirug\u00eda Pl\u00e1stica - L\u00edderes en cirug\u00eda pl\u00e1stica\",\"description\":\"L\u00edderes en cirug\u00eda pl\u00e1stica\",\"publisher\":{\"@id\":\"https:\/\/www.cuerpo10cirugiaplastica.com\/#organization\"},\"potentialAction\":[{\"@type\":\"SearchAction\",\"target\":{\"@type\":\"EntryPoint\",\"urlTemplate\":\"https:\/\/www.cuerpo10cirugiaplastica.com\/?s={search_term_string}\"},\"query-input\":{\"@type\":\"PropertyValueSpecification\",\"valueRequired\":true,\"valueName\":\"search_term_string\"}}],\"inLanguage\":\"en-US\"},{\"@type\":\"Organization\",\"@id\":\"https:\/\/www.cuerpo10cirugiaplastica.com\/#organization\",\"name\":\"Cuerpo10 Cirug\u00eda Pl\u00e1stica - L\u00edderes en cirug\u00eda pl\u00e1stica\",\"url\":\"https:\/\/www.cuerpo10cirugiaplastica.com\/\",\"logo\":{\"@type\":\"ImageObject\",\"inLanguage\":\"en-US\",\"@id\":\"https:\/\/www.cuerpo10cirugiaplastica.com\/#\/schema\/logo\/image\/\",\"url\":\"https:\/\/www.cuerpo10cirugiaplastica.com\/wp-content\/uploads\/2022\/04\/logo-cuerpo10-v1.png\",\"contentUrl\":\"https:\/\/www.cuerpo10cirugiaplastica.com\/wp-content\/uploads\/2022\/04\/logo-cuerpo10-v1.png\",\"width\":250,\"height\":69,\"caption\":\"Cuerpo10 Cirug\u00eda Pl\u00e1stica - L\u00edderes en cirug\u00eda pl\u00e1stica\"},\"image\":{\"@id\":\"https:\/\/www.cuerpo10cirugiaplastica.com\/#\/schema\/logo\/image\/\"}}]}<\/script>\n<!-- \/ Yoast SEO plugin. -->","yoast_head_json":{"title":"Contact - Cuerpo10 Cirug\u00eda Pl\u00e1stica - L\u00edderes en cirug\u00eda pl\u00e1stica","robots":{"index":"index","follow":"follow","max-snippet":"max-snippet:-1","max-image-preview":"max-image-preview:large","max-video-preview":"max-video-preview:-1"},"canonical":"https:\/\/www.cuerpo10cirugiaplastica.com\/contacto\/","og_locale":"en_US","og_type":"article","og_title":"Contact - Cuerpo10 Cirug\u00eda Pl\u00e1stica - L\u00edderes en cirug\u00eda pl\u00e1stica","og_description":"Telephone contacts Colombia &#8211; USA Telephone &#8211; Colombia +57 (316) 522 1205 Telephone &#8211; USA +1 (786) 254 0870 Email contacto@cuerpo10.com.co Contact Form Completa la siguiente informaci\u00f3n Select SubjectBanglaEnglishMath Enter Message","og_url":"https:\/\/www.cuerpo10cirugiaplastica.com\/contacto\/","og_site_name":"Cuerpo10 Cirug\u00eda Pl\u00e1stica - L\u00edderes en cirug\u00eda pl\u00e1stica","article_modified_time":"2022-06-17T16:00:31+00:00","twitter_card":"summary_large_image","twitter_misc":{"Est. reading time":"1 minute"},"schema":{"@context":"https:\/\/schema.org","@graph":[{"@type":"WebPage","@id":"https:\/\/www.cuerpo10cirugiaplastica.com\/contacto\/","url":"https:\/\/www.cuerpo10cirugiaplastica.com\/contacto\/","name":"Contact - Cuerpo10 Cirug\u00eda Pl\u00e1stica - L\u00edderes en cirug\u00eda pl\u00e1stica","isPartOf":{"@id":"https:\/\/www.cuerpo10cirugiaplastica.com\/#website"},"datePublished":"2021-03-15T16:46:48+00:00","dateModified":"2022-06-17T16:00:31+00:00","breadcrumb":{"@id":"https:\/\/www.cuerpo10cirugiaplastica.com\/contacto\/#breadcrumb"},"inLanguage":"en-US","potentialAction":[{"@type":"ReadAction","target":["https:\/\/www.cuerpo10cirugiaplastica.com\/contacto\/"]}]},{"@type":"BreadcrumbList","@id":"https:\/\/www.cuerpo10cirugiaplastica.com\/contacto\/#breadcrumb","itemListElement":[{"@type":"ListItem","position":1,"name":"Inicio","item":"https:\/\/www.cuerpo10cirugiaplastica.com\/"},{"@type":"ListItem","position":2,"name":"Contact"}]},{"@type":"WebSite","@id":"https:\/\/www.cuerpo10cirugiaplastica.com\/#website","url":"https:\/\/www.cuerpo10cirugiaplastica.com\/","name":"Cuerpo10 Cirug\u00eda Pl\u00e1stica - L\u00edderes en cirug\u00eda pl\u00e1stica","description":"L\u00edderes en cirug\u00eda pl\u00e1stica","publisher":{"@id":"https:\/\/www.cuerpo10cirugiaplastica.com\/#organization"},"potentialAction":[{"@type":"SearchAction","target":{"@type":"EntryPoint","urlTemplate":"https:\/\/www.cuerpo10cirugiaplastica.com\/?s={search_term_string}"},"query-input":{"@type":"PropertyValueSpecification","valueRequired":true,"valueName":"search_term_string"}}],"inLanguage":"en-US"},{"@type":"Organization","@id":"https:\/\/www.cuerpo10cirugiaplastica.com\/#organization","name":"Cuerpo10 Cirug\u00eda Pl\u00e1stica - L\u00edderes en cirug\u00eda pl\u00e1stica","url":"https:\/\/www.cuerpo10cirugiaplastica.com\/","logo":{"@type":"ImageObject","inLanguage":"en-US","@id":"https:\/\/www.cuerpo10cirugiaplastica.com\/#\/schema\/logo\/image\/","url":"https:\/\/www.cuerpo10cirugiaplastica.com\/wp-content\/uploads\/2022\/04\/logo-cuerpo10-v1.png","contentUrl":"https:\/\/www.cuerpo10cirugiaplastica.com\/wp-content\/uploads\/2022\/04\/logo-cuerpo10-v1.png","width":250,"height":69,"caption":"Cuerpo10 Cirug\u00eda Pl\u00e1stica - L\u00edderes en cirug\u00eda pl\u00e1stica"},"image":{"@id":"https:\/\/www.cuerpo10cirugiaplastica.com\/#\/schema\/logo\/image\/"}}]}},"_links":{"self":[{"href":"https:\/\/www.cuerpo10cirugiaplastica.com\/en\/wp-json\/wp\/v2\/pages\/4614"}],"collection":[{"href":"https:\/\/www.cuerpo10cirugiaplastica.com\/en\/wp-json\/wp\/v2\/pages"}],"about":[{"href":"https:\/\/www.cuerpo10cirugiaplastica.com\/en\/wp-json\/wp\/v2\/types\/page"}],"author":[{"embeddable":true,"href":"https:\/\/www.cuerpo10cirugiaplastica.com\/en\/wp-json\/wp\/v2\/users\/1"}],"replies":[{"embeddable":true,"href":"https:\/\/www.cuerpo10cirugiaplastica.com\/en\/wp-json\/wp\/v2\/comments?post=4614"}],"version-history":[{"count":5,"href":"https:\/\/www.cuerpo10cirugiaplastica.com\/en\/wp-json\/wp\/v2\/pages\/4614\/revisions"}],"predecessor-version":[{"id":4683,"href":"https:\/\/www.cuerpo10cirugiaplastica.com\/en\/wp-json\/wp\/v2\/pages\/4614\/revisions\/4683"}],"wp:attachment":[{"href":"https:\/\/www.cuerpo10cirugiaplastica.com\/en\/wp-json\/wp\/v2\/media?parent=4614"}],"curies":[{"name":"wp","href":"https:\/\/api.w.org\/{rel}","templated":true}]}}